{"id":713,"date":"2016-11-09T12:25:28","date_gmt":"2016-11-09T10:25:28","guid":{"rendered":"http:\/\/milimundo.com\/?page_id=713"},"modified":"2017-06-29T10:32:57","modified_gmt":"2017-06-29T08:32:57","slug":"help-dream-come-true","status":"publish","type":"page","link":"https:\/\/milimundo.com\/sk\/help-dream-come-true\/","title":{"rendered":"Pom\u00f4\u017ete mi zrealizova\u0165 moje CESTOVATE\u013dSK\u00c9 SNY"},"content":{"rendered":"<p style=\"text-align: center;\">Drah\u00ed \u010ditatelia,<\/p>\n<p style=\"text-align: center;\">Predned\u00e1vnom som pridala do hlavn\u00e9ho menu kol\u00f3nku <strong><a href=\"https:\/\/www.paypal.com\/cgi-bin\/webscr?cmd=_s-xclick&amp;hosted_button_id=UTG2VP6G7RMDN\" target=\"_blank\" rel=\"noopener\">PR\u00cdSPEVOK<\/a><\/strong> a\u00a0v\u00a0tejto sekcii by som chcela vysvetli\u0165, pre\u010do som tak spravila.<\/p><div id=\"milim-3129362080\" class=\"milim-content milim-entity-placement\"><script async src=\"https:\/\/pagead2.googlesyndication.com\/pagead\/js\/adsbygoogle.js?client=ca-pub-1751154357200980\"\r\n     crossorigin=\"anonymous\"><\/script><\/div>\n<p style=\"text-align: center;\">T\u00ed \u010do ma poznaj\u00fa dobre vedia, \u017ee <strong>v\u017edy som pracovala\/pracujem\/budem pracova\u0165 ve\u013emi tvrdo na to, aby som si mohla dovoli\u0165 cestova\u0165<\/strong>. Preto\u017ee cestovanie je neoddelite\u013enou s\u00fa\u010das\u0165ou m\u00f4jho \u017eivota. Nem\u00e1m bohat\u00fdch rodi\u010dov, ktor\u00ed by mi moje cestovanie sponzorovali, \u010di brut\u00e1lne vyn\u00e1\u0161aj\u00faci biznis, ktor\u00fd by mi dovo\u013eoval si precestova\u0165 svet (teda h\u00e1dam raz k\u00a0tomu d\u00f4jde \ud83d\ude09 ).<u> Na to aby som si mohla precestova\u0165 Ju\u017en\u00fa Ameriku v\u00a02015, tak som si musela doslovne ako otroky\u0148a odrobi\u0165 cel\u00e9 mesiace pr\u00e1cou na lodi ako \u010da\u0161n\u00ed\u010dka. Len si predstavte 11 a\u017e 18 hod\u00edn denne, 7 dn\u00ed v\u00a0t\u00fd\u017edni, 30 dn\u00ed v\u00a0mesiaci, mesiace v\u00a0kuse&#8230;<\/u> Moment\u00e1lne sa nach\u00e1dzam op\u00e4t na rie\u010dnej v\u00fdletnej lodi, kde ozaj driem, aby som si bola schopn\u00e1 u\u0161etri\u0165 \u010do najviac pe\u0148az\u00ed k\u00a0tomu, aby som mohla v\u00a0bud\u00facnosti cestova\u0165.\u00a0<strong>Ozaj sa sna\u017e\u00edm pracova\u0165 ko\u013eko sa d\u00e1 k\u00a0tomu, aby som si splnila svoje sny a\u00a0ciele.<\/strong> A\u00a0mojim snom <strong>je PRECESTOVA\u0164 SVET.<\/strong> Mojim snom je u\u010di\u0165 sa. U\u010di\u0165 in\u00fdch. Spozn\u00e1va\u0165 nepoznan\u00e9. Objavova\u0165 neobjaven\u00e9. Sk\u00fa\u0161a\u0165 nesk\u00fa\u0161an\u00e9. Vychutn\u00e1va\u0165 a\u00a0\u017ei\u0165. <strong>Jednoducho \u017ei\u0165 tak naplno, ako to len ide!<\/strong><\/p>\n<p style=\"text-align: center;\">Navy\u0161e chcem \u0161\u00edri\u0165 my\u0161lienku cestovania. Chcem motivova\u0165 a\u00a0in\u0161pirova\u0165 \u013eud\u00ed k\u00a0tomu, aby cestovali tie\u017e a\u00a0neb\u00e1li sa nezn\u00e1meho. Chcem sa podeli\u0165 o\u00a0v\u0161etky moje cestovate\u013esk\u00e9 z\u00e1\u017eitky spolu s\u00a0Vami.<\/p>\n<p style=\"text-align: center;\">A\u00a0aj preto ak\u00e1ko\u013evek finan\u010dn\u00e1 pomoc z\u00a0Va\u0161ej strany mi nielen pom\u00f4\u017ee uskuto\u010dni\u0165 moje sny a\u00a0vidie\u0165 \u010fal\u0161\u00ed kus sveta, av\u0161ak z\u00e1rove\u0148 mi to d\u00e1 pr\u00edle\u017eitos\u0165 o\u00a0tom nap\u00edsa\u0165 a\u00a0<strong>podeli\u0165 sa o\u00a0moje dobrodru\u017estv\u00e1 a\u00a0cestovate\u013esk\u00e9 pr\u00edbehy s\u00a0cel\u00fdm svetom ako aj s\u00a0VAMI. <\/strong><\/p>\n<p style=\"text-align: center;\">Nie som si ist\u00e1, \u010di budem vedie\u0165 dostato\u010dne vyjadri\u0165 moju v\u010faku \u013eu\u010fom, ktor\u00ed mi u\u017e pomohli, alebo e\u0161te len pom\u00f4\u017eu zrealizova\u0165 moje sny a\u00a0ciele, ale jedno je zaru\u010den\u00e9 \u2013 ur\u010dite na to nezabudnem!<\/p>\n<p style=\"text-align: center;\"><strong>CARPE DIEM drah\u00ed priatelia a\u00a0POKRA\u010cUJTE v\u00a0CESTOVAN\u00cd! \ud83d\ude42<\/strong><\/p>\n<form action=\"https:\/\/www.paypal.com\/cgi-bin\/webscr\" method=\"post\" target=\"_top\"><input name=\"cmd\" type=\"hidden\" value=\"_s-xclick\" \/><br \/>\n<input name=\"hosted_button_id\" type=\"hidden\" value=\"UTG2VP6G7RMDN\" \/><br \/>\n<input alt=\"PayPal - The safer, easier way to pay online!\" name=\"submit\" src=\"https:\/\/www.paypal.com\/en_US\/i\/btn\/btn_donateCC_LG.gif\" type=\"image\" \/><br \/>\n<img loading=\"lazy\" decoding=\"async\" src=\"https:\/\/www.paypalobjects.com\/en_US\/i\/scr\/pixel.gif\" alt=\"\" width=\"1\" height=\"1\" border=\"0\" \/><\/form>\n<p><img loading=\"lazy\" decoding=\"async\" src=\"https:\/\/www.paypalobjects.com\/en_US\/i\/scr\/pixel.gif\" alt=\"\" width=\"1\" height=\"1\" border=\"0\" \/><\/p>\n<h3 class=\"widget-title\" style=\"text-align: center;\"><span style=\"color: #000000;\"><strong>ODOBERAJ m\u00f4j NEWSLETTER<\/strong><\/span><\/h3>\n<div style=\"text-align: center;\">\n<div class=\"es_caption\">Chceli by ste dost\u00e1va\u0165 moje pr\u00edspevky, tipy a rady na cestovanie pravidelne? Nev\u00e1hajte, nap\u00ed\u0161te svoj email a zostaneme v kontakte \ud83d\ude42<\/div>\n<div class=\"es_caption\"><\/div>\n<\/div>\n<div class=\"es_caption\" style=\"text-align: center;\"><strong><p><label class=\"gdpr-label\"><input type=\"checkbox\" name=\"user_consents[privacy-policy]\" id=\"privacy-policy-consent\" value=\"1\" required >You read and agreed to our <a href=\"https:\/\/milimundo.com\/gdpr-milimundo\/\" target=\"_blank\">Privacy Policy<\/a>.<\/label><\/p><div class=\"emaillist\" id=\"es_form_f0-n1\"><form action=\"\/sk\/wp-json\/wp\/v2\/pages\/713#es_form_f0-n1\" method=\"post\" class=\"es_subscription_form es_shortcode_form  es_ajax_subscription_form\" id=\"es_subscription_form_69ec44df4c1c8\" data-source=\"ig-es\" data-form-id=\"0\"><div class=\"es-field-wrap\"><label>Name<br \/><input type=\"text\" name=\"esfpx_name\" class=\"ig_es_form_field_name\" placeholder=\"\" value=\"\" \/><\/label><\/div><div class=\"es-field-wrap ig-es-form-field\"><label class=\"es-field-label\">Email*<br \/><input class=\"es_required_field es_txt_email ig_es_form_field_email ig-es-form-input\" type=\"email\" name=\"esfpx_email\" value=\"\" placeholder=\"\" required=\"required\" \/><\/label><\/div><input type=\"hidden\" name=\"esfpx_lists[]\" value=\"e6ce8a6df8ab\" \/><input type=\"hidden\" name=\"esfpx_form_id\" value=\"0\" \/><input type=\"hidden\" name=\"es\" value=\"subscribe\" \/>\n\t\t\t<input type=\"hidden\" name=\"esfpx_es_form_identifier\" value=\"f0-n1\" \/>\n\t\t\t<input type=\"hidden\" name=\"esfpx_es_email_page\" value=\"713\" \/>\n\t\t\t<input type=\"hidden\" name=\"esfpx_es_email_page_url\" value=\"https:\/\/milimundo.com\/sk\/help-dream-come-true\/\" \/>\n\t\t\t<input type=\"hidden\" name=\"esfpx_status\" value=\"Unconfirmed\" \/>\n\t\t\t<input type=\"hidden\" name=\"esfpx_es-subscribe\" id=\"es-subscribe-69ec44df4c1c8\" value=\"8ccb91f0a7\" \/>\n\t\t\t<label style=\"position:absolute;top:-99999px;left:-99999px;z-index:-99;\" aria-hidden=\"true\"><span hidden>Please leave this field empty.<\/span><input type=\"email\" name=\"esfpx_es_hp_email\" class=\"es_required_field\" tabindex=\"-1\" autocomplete=\"-1\" value=\"\" \/><\/label><input type=\"submit\" name=\"submit\" class=\"es_subscription_form_submit es_submit_button es_textbox_button\" id=\"es_subscription_form_submit_69ec44df4c1c8\" value=\"Subscribe\" \/><span class=\"es_spinner_image\" id=\"spinner-image\"><img decoding=\"async\" src=\"https:\/\/milimundo.com\/wp-content\/plugins\/email-subscribers\/lite\/public\/images\/spinner.gif\" alt=\"Loading\" \/><\/span><\/form><span class=\"es_subscription_message \" id=\"es_subscription_message_69ec44df4c1c8\" role=\"alert\" aria-live=\"assertive\"><\/span><\/div><\/strong><\/div>\n","protected":false},"excerpt":{"rendered":"<p>Drah\u00ed \u010ditatelia, Predned\u00e1vnom som pridala do hlavn\u00e9ho menu kol\u00f3nku PR\u00cdSPEVOK a\u00a0v\u00a0tejto sekcii by som chcela vysvetli\u0165, pre\u010do som tak spravila. T\u00ed \u010do ma poznaj\u00fa dobre vedia, \u017ee v\u017edy som pracovala\/pracujem\/budem pracova\u0165 ve\u013emi tvrdo na to, aby som si mohla dovoli\u0165 &hellip; <a class=\"kt-excerpt-readmore more-link\" href=\"https:\/\/milimundo.com\/sk\/help-dream-come-true\/\">Read More<\/a><\/p>\n","protected":false},"author":1,"featured_media":0,"parent":0,"menu_order":0,"comment_status":"closed","ping_status":"closed","template":"","meta":{"footnotes":""},"class_list":["post-713","page","type-page","status-publish","hentry"],"translation":{"provider":"WPGlobus","version":"3.0.2","language":"sk","enabled_languages":["en","sk"],"languages":{"en":{"title":true,"content":true,"excerpt":false},"sk":{"title":true,"content":true,"excerpt":false}}},"yoast_head":"<!-- This site is optimized with the Yoast SEO plugin v27.3 - https:\/\/yoast.com\/product\/yoast-seo-wordpress\/ -->\n<title>Pom\u00f4\u017ete mi zrealizova\u0165 moje CESTOVATE\u013dSK\u00c9 SNY - MiliMundo<\/title>\n<meta name=\"robots\" content=\"index, follow, max-snippet:-1, max-image-preview:large, max-video-preview:-1\" \/>\n<link rel=\"canonical\" href=\"https:\/\/milimundo.com\/sk\/help-dream-come-true\/\" \/>\n<meta property=\"og:locale\" content=\"sk_SK\" \/>\n<meta property=\"og:type\" content=\"article\" \/>\n<meta property=\"og:title\" content=\"Pom\u00f4\u017ete mi zrealizova\u0165 moje CESTOVATE\u013dSK\u00c9 SNY - MiliMundo\" \/>\n<meta property=\"og:url\" content=\"https:\/\/milimundo.com\/sk\/help-dream-come-true\/\" \/>\n<meta property=\"og:site_name\" content=\"MiliMundo\" \/>\n<meta property=\"article:publisher\" content=\"https:\/\/www.facebook.com\/MiliMundo1\/\" \/>\n<meta property=\"article:modified_time\" content=\"2017-06-29T08:32:57+00:00\" \/>\n<meta property=\"og:image\" content=\"https:\/\/www.paypalobjects.com\/en_US\/i\/scr\/pixel.gif\" \/>\n<meta name=\"twitter:card\" content=\"summary_large_image\" \/>\n<meta name=\"twitter:site\" content=\"@mundo_mili\" \/>\n<meta name=\"twitter:label1\" content=\"Predpokladan\u00fd \u010das \u010d\u00edtania\" \/>\n\t<meta name=\"twitter:data1\" content=\"4 min\u00faty\" \/>\n<script type=\"application\/ld+json\" class=\"yoast-schema-graph\">{\"@context\":\"https:\\\/\\\/schema.org\",\"@graph\":[{\"@type\":\"WebPage\",\"@id\":\"https:\\\/\\\/milimundo.com\\\/sk\\\/help-dream-come-true\\\/\",\"url\":\"https:\\\/\\\/milimundo.com\\\/sk\\\/help-dream-come-true\\\/\",\"name\":\"Pom\u00f4\u017ete mi zrealizova\u0165 moje CESTOVATE\u013dSK\u00c9 SNY - MiliMundo\",\"isPartOf\":{\"@id\":\"https:\\\/\\\/milimundo.com\\\/#website\"},\"primaryImageOfPage\":{\"@id\":\"https:\\\/\\\/milimundo.com\\\/sk\\\/help-dream-come-true\\\/#primaryimage\"},\"image\":{\"@id\":\"https:\\\/\\\/milimundo.com\\\/sk\\\/help-dream-come-true\\\/#primaryimage\"},\"thumbnailUrl\":\"https:\\\/\\\/www.paypalobjects.com\\\/en_US\\\/i\\\/scr\\\/pixel.gif\",\"datePublished\":\"2016-11-09T10:25:28+00:00\",\"dateModified\":\"2017-06-29T08:32:57+00:00\",\"description\":\"Help my make my dream come true. To travel the world. To explore unexplored. To know unknown and to share my stories with all of you.\",\"breadcrumb\":{\"@id\":\"https:\\\/\\\/milimundo.com\\\/sk\\\/help-dream-come-true\\\/#breadcrumb\"},\"inLanguage\":\"sk-SK\",\"potentialAction\":[{\"@type\":\"ReadAction\",\"target\":[\"https:\\\/\\\/milimundo.com\\\/sk\\\/help-dream-come-true\\\/\"]}]},{\"@type\":\"ImageObject\",\"inLanguage\":\"sk-SK\",\"@id\":\"https:\\\/\\\/milimundo.com\\\/sk\\\/help-dream-come-true\\\/#primaryimage\",\"url\":\"https:\\\/\\\/www.paypalobjects.com\\\/en_US\\\/i\\\/scr\\\/pixel.gif\",\"contentUrl\":\"https:\\\/\\\/www.paypalobjects.com\\\/en_US\\\/i\\\/scr\\\/pixel.gif\"},{\"@type\":\"BreadcrumbList\",\"@id\":\"https:\\\/\\\/milimundo.com\\\/sk\\\/help-dream-come-true\\\/#breadcrumb\",\"itemListElement\":[{\"@type\":\"ListItem\",\"position\":1,\"name\":\"Domovsk\u00e1 str\u00e1nka\",\"item\":\"https:\\\/\\\/milimundo.com\\\/\"},{\"@type\":\"ListItem\",\"position\":2,\"name\":\"Pom\u00f4\u017ete mi zrealizova\u0165 moje CESTOVATE\u013dSK\u00c9 SNY\"}]},{\"@type\":\"WebSite\",\"@id\":\"https:\\\/\\\/milimundo.com\\\/#website\",\"url\":\"https:\\\/\\\/milimundo.com\\\/\",\"name\":\"MiliMundo\",\"description\":\"Ako cestova\u0165 bezpe\u010dne a dobrodru\u017ene z\u00e1rove\u0148\",\"publisher\":{\"@id\":\"https:\\\/\\\/milimundo.com\\\/#\\\/schema\\\/person\\\/f8bcf013de39e7d446a379de4ead75ec\"},\"potentialAction\":[{\"@type\":\"SearchAction\",\"target\":{\"@type\":\"EntryPoint\",\"urlTemplate\":\"https:\\\/\\\/milimundo.com\\\/?s={search_term_string}\"},\"query-input\":{\"@type\":\"PropertyValueSpecification\",\"valueRequired\":true,\"valueName\":\"search_term_string\"}}],\"inLanguage\":\"sk-SK\"},{\"@type\":[\"Person\",\"Organization\"],\"@id\":\"https:\\\/\\\/milimundo.com\\\/#\\\/schema\\\/person\\\/f8bcf013de39e7d446a379de4ead75ec\",\"name\":\"Mili\",\"image\":{\"@type\":\"ImageObject\",\"inLanguage\":\"sk-SK\",\"@id\":\"https:\\\/\\\/milimundo.com\\\/wp-content\\\/uploads\\\/2019\\\/08\\\/IMG-20190724-WA0001.jpg\",\"url\":\"https:\\\/\\\/milimundo.com\\\/wp-content\\\/uploads\\\/2019\\\/08\\\/IMG-20190724-WA0001.jpg\",\"contentUrl\":\"https:\\\/\\\/milimundo.com\\\/wp-content\\\/uploads\\\/2019\\\/08\\\/IMG-20190724-WA0001.jpg\",\"width\":1600,\"height\":1068,\"caption\":\"Mili\"},\"logo\":{\"@id\":\"https:\\\/\\\/milimundo.com\\\/wp-content\\\/uploads\\\/2019\\\/08\\\/IMG-20190724-WA0001.jpg\"},\"sameAs\":[\"http:\\\/\\\/milimundo.com\\\/\",\"https:\\\/\\\/www.facebook.com\\\/MiliMundo1\\\/\",\"https:\\\/\\\/www.instagram.com\\\/mili_mundo\\\/\",\"https:\\\/\\\/www.linkedin.com\\\/in\\\/milada-konecna-7a58b467\\\/\",\"https:\\\/\\\/x.com\\\/mundo_mili\",\"https:\\\/\\\/www.youtube.com\\\/channel\\\/UCgzrmRtNlfiAX25YeBC6O2w\"]}]}<\/script>\n<!-- \/ Yoast SEO plugin. -->","yoast_head_json":{"title":"Pom\u00f4\u017ete mi zrealizova\u0165 moje CESTOVATE\u013dSK\u00c9 SNY - MiliMundo","robots":{"index":"index","follow":"follow","max-snippet":"max-snippet:-1","max-image-preview":"max-image-preview:large","max-video-preview":"max-video-preview:-1"},"canonical":"https:\/\/milimundo.com\/sk\/help-dream-come-true\/","og_locale":"sk_SK","og_type":"article","og_title":"Pom\u00f4\u017ete mi zrealizova\u0165 moje CESTOVATE\u013dSK\u00c9 SNY - MiliMundo","og_url":"https:\/\/milimundo.com\/sk\/help-dream-come-true\/","og_site_name":"MiliMundo","article_publisher":"https:\/\/www.facebook.com\/MiliMundo1\/","article_modified_time":"2017-06-29T08:32:57+00:00","og_image":[{"url":"https:\/\/www.paypalobjects.com\/en_US\/i\/scr\/pixel.gif","type":"","width":"","height":""}],"twitter_card":"summary_large_image","twitter_site":"@mundo_mili","twitter_misc":{"Predpokladan\u00fd \u010das \u010d\u00edtania":"4 min\u00faty"},"schema":{"@context":"https:\/\/schema.org","@graph":[{"@type":"WebPage","@id":"https:\/\/milimundo.com\/sk\/help-dream-come-true\/","url":"https:\/\/milimundo.com\/sk\/help-dream-come-true\/","name":"Pom\u00f4\u017ete mi zrealizova\u0165 moje CESTOVATE\u013dSK\u00c9 SNY - MiliMundo","isPartOf":{"@id":"https:\/\/milimundo.com\/#website"},"primaryImageOfPage":{"@id":"https:\/\/milimundo.com\/sk\/help-dream-come-true\/#primaryimage"},"image":{"@id":"https:\/\/milimundo.com\/sk\/help-dream-come-true\/#primaryimage"},"thumbnailUrl":"https:\/\/www.paypalobjects.com\/en_US\/i\/scr\/pixel.gif","datePublished":"2016-11-09T10:25:28+00:00","dateModified":"2017-06-29T08:32:57+00:00","description":"Help my make my dream come true. To travel the world. To explore unexplored. To know unknown and to share my stories with all of you.","breadcrumb":{"@id":"https:\/\/milimundo.com\/sk\/help-dream-come-true\/#breadcrumb"},"inLanguage":"sk-SK","potentialAction":[{"@type":"ReadAction","target":["https:\/\/milimundo.com\/sk\/help-dream-come-true\/"]}]},{"@type":"ImageObject","inLanguage":"sk-SK","@id":"https:\/\/milimundo.com\/sk\/help-dream-come-true\/#primaryimage","url":"https:\/\/www.paypalobjects.com\/en_US\/i\/scr\/pixel.gif","contentUrl":"https:\/\/www.paypalobjects.com\/en_US\/i\/scr\/pixel.gif"},{"@type":"BreadcrumbList","@id":"https:\/\/milimundo.com\/sk\/help-dream-come-true\/#breadcrumb","itemListElement":[{"@type":"ListItem","position":1,"name":"Domovsk\u00e1 str\u00e1nka","item":"https:\/\/milimundo.com\/"},{"@type":"ListItem","position":2,"name":"Pom\u00f4\u017ete mi zrealizova\u0165 moje CESTOVATE\u013dSK\u00c9 SNY"}]},{"@type":"WebSite","@id":"https:\/\/milimundo.com\/#website","url":"https:\/\/milimundo.com\/","name":"MiliMundo","description":"Ako cestova\u0165 bezpe\u010dne a dobrodru\u017ene z\u00e1rove\u0148","publisher":{"@id":"https:\/\/milimundo.com\/#\/schema\/person\/f8bcf013de39e7d446a379de4ead75ec"},"potentialAction":[{"@type":"SearchAction","target":{"@type":"EntryPoint","urlTemplate":"https:\/\/milimundo.com\/?s={search_term_string}"},"query-input":{"@type":"PropertyValueSpecification","valueRequired":true,"valueName":"search_term_string"}}],"inLanguage":"sk-SK"},{"@type":["Person","Organization"],"@id":"https:\/\/milimundo.com\/#\/schema\/person\/f8bcf013de39e7d446a379de4ead75ec","name":"Mili","image":{"@type":"ImageObject","inLanguage":"sk-SK","@id":"https:\/\/milimundo.com\/wp-content\/uploads\/2019\/08\/IMG-20190724-WA0001.jpg","url":"https:\/\/milimundo.com\/wp-content\/uploads\/2019\/08\/IMG-20190724-WA0001.jpg","contentUrl":"https:\/\/milimundo.com\/wp-content\/uploads\/2019\/08\/IMG-20190724-WA0001.jpg","width":1600,"height":1068,"caption":"Mili"},"logo":{"@id":"https:\/\/milimundo.com\/wp-content\/uploads\/2019\/08\/IMG-20190724-WA0001.jpg"},"sameAs":["http:\/\/milimundo.com\/","https:\/\/www.facebook.com\/MiliMundo1\/","https:\/\/www.instagram.com\/mili_mundo\/","https:\/\/www.linkedin.com\/in\/milada-konecna-7a58b467\/","https:\/\/x.com\/mundo_mili","https:\/\/www.youtube.com\/channel\/UCgzrmRtNlfiAX25YeBC6O2w"]}]}},"jetpack_sharing_enabled":true,"post_mailing_queue_ids":[],"_links":{"self":[{"href":"https:\/\/milimundo.com\/sk\/wp-json\/wp\/v2\/pages\/713","targetHints":{"allow":["GET"]}}],"collection":[{"href":"https:\/\/milimundo.com\/sk\/wp-json\/wp\/v2\/pages"}],"about":[{"href":"https:\/\/milimundo.com\/sk\/wp-json\/wp\/v2\/types\/page"}],"author":[{"embeddable":true,"href":"https:\/\/milimundo.com\/sk\/wp-json\/wp\/v2\/users\/1"}],"replies":[{"embeddable":true,"href":"https:\/\/milimundo.com\/sk\/wp-json\/wp\/v2\/comments?post=713"}],"version-history":[{"count":6,"href":"https:\/\/milimundo.com\/sk\/wp-json\/wp\/v2\/pages\/713\/revisions"}],"predecessor-version":[{"id":1369,"href":"https:\/\/milimundo.com\/sk\/wp-json\/wp\/v2\/pages\/713\/revisions\/1369"}],"wp:attachment":[{"href":"https:\/\/milimundo.com\/sk\/wp-json\/wp\/v2\/media?parent=713"}],"curies":[{"name":"wp","href":"https:\/\/api.w.org\/{rel}","templated":true}]}}