{"id":628,"date":"2016-10-21T11:38:49","date_gmt":"2016-10-21T09:38:49","guid":{"rendered":"http:\/\/milimundo.com\/?page_id=628"},"modified":"2017-03-16T18:03:07","modified_gmt":"2017-03-16T16:03:07","slug":"great-deals-known-less-known-travel-agencies","status":"publish","type":"page","link":"https:\/\/milimundo.com\/sk\/great-deals-known-less-known-travel-agencies\/","title":{"rendered":"Skvel\u00e9 produkty zn\u00e1mych aj menej zn\u00e1mych cestoviek"},"content":{"rendered":"<p style=\"text-align: center;\">V nasleduj\u00facich p\u00e1r riadkoch n\u00e1jdete ako zn\u00e1me tak aj menej zn\u00e1me cestovky, s ktor\u00fdmi spolupracujem a ktor\u00e9 zvykn\u00fa pon\u00faka\u0165 super ceny leteniek, ubytovania, dovoleniek, plavieb po svete, \u010di pren\u00e1jom \u00e1ut. <span style=\"text-decoration: underline;\">V pr\u00edpade, \u017ee sa V\u00e1m linky nezobrazuj\u00fa, pros\u00edm vypnite si na chv\u00ed\u013eu V\u00e1\u0161 AdBlocker<\/span>.<\/p>\n<p style=\"text-align: center;\">V prvom rade sa pozrite na recenzie mnoh\u00fdch cestovate\u013eov na ubytovanie, dovolenky \u010di cestovn\u00e9 agent\u00fary cez<a href=\"http:\/\/www.dpbolvw.net\/click-8191691-11298230-1461262625000\" target=\"_blank\"><strong> TripAdvisor<\/strong><\/a> &#8211; je to najv\u00e4\u010d\u0161ia cestovn\u00e1 str\u00e1nka sveta!<\/p><div id=\"milim-653228461\" class=\"milim-content milim-entity-placement\"><script async src=\"https:\/\/pagead2.googlesyndication.com\/pagead\/js\/adsbygoogle.js?client=ca-pub-1751154357200980\"\r\n     crossorigin=\"anonymous\"><\/script><\/div>\n<p style=\"text-align: center;\"><a href=\"http:\/\/www.kqzyfj.com\/click-8191691-11298230-1461262625000\" target=\"_top\"><br \/>\n<\/a><a href=\"http:\/\/www.kqzyfj.com\/click-8191691-11298230-1461262625000\" target=\"_blank\"><img loading=\"lazy\" decoding=\"async\" class=\"aligncenter\" src=\"http:\/\/www.tqlkg.com\/image-8191691-11298230-1461262625000\" width=\"200\" height=\"50\" border=\"0\" \/><\/a><\/p>\n<h3 style=\"text-align: center;\">1 LETENKY<\/h3>\n<p style=\"text-align: center;\">Niektor\u00e9 super ceny leteniek n\u00e1jdete aj na str\u00e1nke\u00a0<a href=\"http:\/\/www.dpbolvw.net\/click-8191691-11927305-1476388712000\" target=\"_blank\"><strong>CheapAir<\/strong><\/a>.<\/p>\n<p style=\"text-align: center;\"><a href=\"http:\/\/www.tkqlhce.com\/click-8191691-11014261-1458229006000\" target=\"_top\"><br \/>\n<\/a><a href=\"http:\/\/www.tkqlhce.com\/click-8191691-11014261-1458229006000\" target=\"_blank\"><img loading=\"lazy\" decoding=\"async\" class=\"alignnone\" src=\"http:\/\/www.ftjcfx.com\/image-8191691-11014261-1458229006000\" width=\"120\" height=\"90\" border=\"0\" \/><\/a><\/p>\n<p style=\"text-align: center;\">\n<h3 style=\"text-align: center;\">\u00a02 AUTOBUSY &amp; VLAKY<\/h3>\n<p style=\"text-align: center;\">Ak ste fan\u00fa\u0161ikom vlakov, potom jednozna\u010dne nahliadnite na ponuky <a href=\"http:\/\/www.dpbolvw.net\/click-8191691-10857963-1353517815000\" target=\"_blank\"><strong>RailEurope<\/strong><\/a>. \ud83d\ude42<\/p>\n<p><a href=\"http:\/\/www.anrdoezrs.net\/click-8191691-10857963-1353517815000\" target=\"_top\"><br \/>\n<\/a><a href=\"http:\/\/www.anrdoezrs.net\/click-8191691-10857963-1353517815000\" target=\"_blank\"><img loading=\"lazy\" decoding=\"async\" class=\"aligncenter\" src=\"http:\/\/www.awltovhc.com\/image-8191691-10857963-1353517815000\" width=\"120\" height=\"90\" border=\"0\" \/><\/a><\/p>\n<p style=\"text-align: center;\">Na druhej strane, ak preferujete autobusy, ur\u010dite si nenechajte ujs\u0165 skvel\u00e9 ponuky od <a href=\"http:\/\/www.dpbolvw.net\/click-8191691-12639028\" target=\"_blank\"><strong>FLIXBUS<\/strong><\/a>, v\u010faka ktor\u00e9mu si precestujete Eur\u00f3pu za \u00fa\u017easn\u00e9 ceny.<\/p>\n<p style=\"text-align: center;\"><a href=\"http:\/\/www.dpbolvw.net\/click-8191691-12639060\" target=\"_top\"><br \/>\n<img loading=\"lazy\" decoding=\"async\" src=\"http:\/\/www.tqlkg.com\/image-8191691-12639060\" alt=\"\" width=\"240\" height=\"60\" border=\"0\" \/><\/a><\/p>\n<p style=\"text-align: center;\">V pr\u00edpade, \u017ee sa neviete rozhodn\u00fa\u0165 medzi vlakom a autobusom, prezrite si ceny oboch mo\u017enost\u00ed na jednej str\u00e1nke. <a href=\"http:\/\/www.anrdoezrs.net\/click-8191691-12530831\" target=\"_blank\"><strong>GoEuro<\/strong><\/a> V\u00e1m v\u017edy pon\u00fakne tie najlep\u0161ie ceny.<\/p>\n<p style=\"text-align: center;\"><a href=\"http:\/\/www.anrdoezrs.net\/click-8191691-12530831\" target=\"_top\"><br \/>\n<img loading=\"lazy\" decoding=\"async\" src=\"http:\/\/www.awltovhc.com\/image-8191691-12530831\" alt=\"\" width=\"250\" height=\"250\" border=\"0\" \/><\/a><\/p>\n<p style=\"text-align: center;\">\n<h3 style=\"text-align: center;\">3 T\u00daRY &amp; ORGANIZOVAN\u00c9 V\u00ddLETY<\/h3>\n<p style=\"text-align: center;\">OK, v pr\u00edpade, \u017ee nie ste a\u017e tak dobrodru\u017en\u00e1 osoba, resp. si chcete \u010daro svojej dovolenky u\u017ei\u0165 za pomoci cestovky, tak potom tak\u00fd <strong><a href=\"http:\/\/www.tkqlhce.com\/click-8191691-12525720-1472647907000\" target=\"_blank\">TourRadar<\/a><\/strong>\u00a0je pre V\u00e1s. <strong><a href=\"http:\/\/www.tkqlhce.com\/click-8191691-12525720-1472647907000\" target=\"_blank\">TourRadar<\/a><\/strong>\u00a0V\u00e1m poskytne mo\u017enos\u0165 si vyh\u013eada\u0165, napl\u00e1nova\u0165 a zabookova\u0165 viacdenn\u00e9 t\u00fary po celom svete. Pozrite sa na s\u00fa\u010dasn\u00e9 z\u013eavy ako po Eur\u00f3pe, tak aj po \u00c1zii \u010di Ju\u017enej Amerike.<\/p>\n<p style=\"text-align: center;\"><a href=\"http:\/\/www.tkqlhce.com\/click-8191691-12478237-1458894495000\" target=\"_top\"><br \/>\n<\/a><a href=\"http:\/\/www.tkqlhce.com\/click-8191691-12478237-1458894495000\" target=\"_blank\"><img loading=\"lazy\" decoding=\"async\" class=\"aligncenter\" src=\"http:\/\/www.ftjcfx.com\/image-8191691-12478237-1458894495000\" alt=\"TourRadar\" width=\"300\" height=\"250\" border=\"0\" \/><\/a><\/p>\n<h3 style=\"text-align: center;\">4 Z KA\u017dD\u00c9HO RO\u017dKU TRO\u0160KU<\/h3>\n<p style=\"text-align: center;\">Ak ste osoba, ktor\u00e1 si chce v\u0161etko vyh\u013eada\u0165 na jednej str\u00e1nke, tak potom tak\u00e1<a href=\"http:\/\/www.tkqlhce.com\/click-8191691-10515011-1452547205000\" target=\"_blank\"><strong> EXPEDIA<\/strong><\/a> m\u00f4\u017ee by\u0165 spr\u00e1vnou vo\u013ebou pre V\u00e1s. Ubytovanie, letenky, plavby, pren\u00e1jom \u00e1ut. Ve\u010f sa na to pozrite a pos\u00fa\u010fte sami. \ud83d\ude42<a href=\"http:\/\/www.dpbolvw.net\/click-8191691-11670027-1452549130000\"><br \/>\n<\/a><a href=\"http:\/\/www.dpbolvw.net\/click-8191691-11670027-1452549130000\" target=\"_blank\"><img loading=\"lazy\" decoding=\"async\" class=\"alignnone\" src=\"http:\/\/www.lduhtrp.net\/image-8191691-11670027-1452549130000\" alt=\"Expedia.com\" width=\"120\" height=\"90\" border=\"0\" \/><\/a><\/p>\n<p style=\"text-align: center;\">\n<p style=\"text-align: center;\">\n<p style=\"text-align: center;\">\n<p style=\"text-align: center;\">Ak V\u00e1m pr\u00eddu tieto inform\u00e1cie u\u017eito\u010dn\u00e9, nev\u00e1hajte ich zdie\u013ea\u0165.<\/p>\n<p style=\"text-align: center;\">Carpe diem! \ud83d\ude42<\/p>\n<h3 class=\"widget-title\" style=\"text-align: center;\"><span style=\"color: #000000;\">\u00a0<\/span><\/h3>\n<h3 class=\"widget-title\" style=\"text-align: center;\"><span style=\"color: #000000;\"><strong>ODOBERAJ m\u00f4j NEWSLETTER<\/strong><\/span><\/h3>\n<div style=\"text-align: center;\">\n<div class=\"es_caption\">Chceli by ste dost\u00e1va\u0165 moje pr\u00edspevky, tipy a rady na cestovanie pravidelne? Nev\u00e1hajte, nap\u00ed\u0161te svoj email a zostaneme v kontakte \ud83d\ude42<\/div>\n<div class=\"es_caption\"><\/div>\n<\/div>\n<div class=\"es_caption\" style=\"text-align: center;\"><strong><p><label class=\"gdpr-label\"><input type=\"checkbox\" name=\"user_consents[privacy-policy]\" id=\"privacy-policy-consent\" value=\"1\" required >You read and agreed to our <a href=\"https:\/\/milimundo.com\/gdpr-milimundo\/\" target=\"_blank\">Privacy Policy<\/a>.<\/label><\/p><div class=\"emaillist\" id=\"es_form_f0-n1\"><form action=\"\/sk\/wp-json\/wp\/v2\/pages\/628#es_form_f0-n1\" method=\"post\" class=\"es_subscription_form es_shortcode_form  es_ajax_subscription_form\" id=\"es_subscription_form_69ec98916b2dc\" data-source=\"ig-es\" data-form-id=\"0\"><div class=\"es-field-wrap\"><label>Name<br \/><input type=\"text\" name=\"esfpx_name\" class=\"ig_es_form_field_name\" placeholder=\"\" value=\"\" \/><\/label><\/div><div class=\"es-field-wrap ig-es-form-field\"><label class=\"es-field-label\">Email*<br \/><input class=\"es_required_field es_txt_email ig_es_form_field_email ig-es-form-input\" type=\"email\" name=\"esfpx_email\" value=\"\" placeholder=\"\" required=\"required\" \/><\/label><\/div><input type=\"hidden\" name=\"esfpx_lists[]\" value=\"e6ce8a6df8ab\" \/><input type=\"hidden\" name=\"esfpx_form_id\" value=\"0\" \/><input type=\"hidden\" name=\"es\" value=\"subscribe\" \/>\n\t\t\t<input type=\"hidden\" name=\"esfpx_es_form_identifier\" value=\"f0-n1\" \/>\n\t\t\t<input type=\"hidden\" name=\"esfpx_es_email_page\" value=\"628\" \/>\n\t\t\t<input type=\"hidden\" name=\"esfpx_es_email_page_url\" value=\"https:\/\/milimundo.com\/sk\/great-deals-known-less-known-travel-agencies\/\" \/>\n\t\t\t<input type=\"hidden\" name=\"esfpx_status\" value=\"Unconfirmed\" \/>\n\t\t\t<input type=\"hidden\" name=\"esfpx_es-subscribe\" id=\"es-subscribe-69ec98916b2dc\" value=\"8ccb91f0a7\" \/>\n\t\t\t<label style=\"position:absolute;top:-99999px;left:-99999px;z-index:-99;\" aria-hidden=\"true\"><span hidden>Please leave this field empty.<\/span><input type=\"email\" name=\"esfpx_es_hp_email\" class=\"es_required_field\" tabindex=\"-1\" autocomplete=\"-1\" value=\"\" \/><\/label><input type=\"submit\" name=\"submit\" class=\"es_subscription_form_submit es_submit_button es_textbox_button\" id=\"es_subscription_form_submit_69ec98916b2dc\" value=\"Subscribe\" \/><span class=\"es_spinner_image\" id=\"spinner-image\"><img decoding=\"async\" src=\"https:\/\/milimundo.com\/wp-content\/plugins\/email-subscribers\/lite\/public\/images\/spinner.gif\" alt=\"Loading\" \/><\/span><\/form><span class=\"es_subscription_message \" id=\"es_subscription_message_69ec98916b2dc\" role=\"alert\" aria-live=\"assertive\"><\/span><\/div><\/strong><\/div>\n","protected":false},"excerpt":{"rendered":"<p>V nasleduj\u00facich p\u00e1r riadkoch n\u00e1jdete ako zn\u00e1me tak aj menej zn\u00e1me cestovky, s ktor\u00fdmi spolupracujem a ktor\u00e9 zvykn\u00fa pon\u00faka\u0165 super ceny leteniek, ubytovania, dovoleniek, plavieb po svete, \u010di pren\u00e1jom \u00e1ut. V pr\u00edpade, \u017ee sa V\u00e1m linky nezobrazuj\u00fa, pros\u00edm vypnite si &hellip; <a class=\"kt-excerpt-readmore more-link\" href=\"https:\/\/milimundo.com\/sk\/great-deals-known-less-known-travel-agencies\/\">Read More<\/a><\/p>\n","protected":false},"author":1,"featured_media":0,"parent":0,"menu_order":0,"comment_status":"closed","ping_status":"closed","template":"","meta":{"footnotes":""},"class_list":["post-628","page","type-page","status-publish","hentry"],"translation":{"provider":"WPGlobus","version":"3.0.2","language":"sk","enabled_languages":["en","sk"],"languages":{"en":{"title":true,"content":true,"excerpt":false},"sk":{"title":true,"content":true,"excerpt":false}}},"yoast_head":"<!-- This site is optimized with the Yoast SEO plugin v27.3 - https:\/\/yoast.com\/product\/yoast-seo-wordpress\/ -->\n<title>Skvel\u00e9 produkty zn\u00e1mych aj menej zn\u00e1mych cestoviek - MiliMundo<\/title>\n<meta name=\"robots\" content=\"index, follow, max-snippet:-1, max-image-preview:large, max-video-preview:-1\" \/>\n<link rel=\"canonical\" href=\"https:\/\/milimundo.com\/sk\/great-deals-known-less-known-travel-agencies\/\" \/>\n<meta property=\"og:locale\" content=\"sk_SK\" \/>\n<meta property=\"og:type\" content=\"article\" \/>\n<meta property=\"og:title\" content=\"Skvel\u00e9 produkty zn\u00e1mych aj menej zn\u00e1mych cestoviek - MiliMundo\" \/>\n<meta property=\"og:url\" content=\"https:\/\/milimundo.com\/sk\/great-deals-known-less-known-travel-agencies\/\" \/>\n<meta property=\"og:site_name\" content=\"MiliMundo\" \/>\n<meta property=\"article:publisher\" content=\"https:\/\/www.facebook.com\/MiliMundo1\/\" \/>\n<meta property=\"article:modified_time\" content=\"2017-03-16T16:03:07+00:00\" \/>\n<meta property=\"og:image\" content=\"http:\/\/www.tqlkg.com\/image-8191691-11298230-1461262625000\" \/>\n<meta name=\"twitter:card\" content=\"summary_large_image\" \/>\n<meta name=\"twitter:site\" content=\"@mundo_mili\" \/>\n<meta name=\"twitter:label1\" content=\"Predpokladan\u00fd \u010das \u010d\u00edtania\" \/>\n\t<meta name=\"twitter:data1\" content=\"4 min\u00faty\" \/>\n<script type=\"application\/ld+json\" class=\"yoast-schema-graph\">{\"@context\":\"https:\\\/\\\/schema.org\",\"@graph\":[{\"@type\":\"WebPage\",\"@id\":\"https:\\\/\\\/milimundo.com\\\/sk\\\/great-deals-known-less-known-travel-agencies\\\/\",\"url\":\"https:\\\/\\\/milimundo.com\\\/sk\\\/great-deals-known-less-known-travel-agencies\\\/\",\"name\":\"Skvel\u00e9 produkty zn\u00e1mych aj menej zn\u00e1mych cestoviek - MiliMundo\",\"isPartOf\":{\"@id\":\"https:\\\/\\\/milimundo.com\\\/#website\"},\"primaryImageOfPage\":{\"@id\":\"https:\\\/\\\/milimundo.com\\\/sk\\\/great-deals-known-less-known-travel-agencies\\\/#primaryimage\"},\"image\":{\"@id\":\"https:\\\/\\\/milimundo.com\\\/sk\\\/great-deals-known-less-known-travel-agencies\\\/#primaryimage\"},\"thumbnailUrl\":\"http:\\\/\\\/www.tqlkg.com\\\/image-8191691-11298230-1461262625000\",\"datePublished\":\"2016-10-21T09:38:49+00:00\",\"dateModified\":\"2017-03-16T16:03:07+00:00\",\"description\":\"This article provides you with some popular or even less known travel agencies which provide great deals on air, hotel, vacation packages, cruises.\",\"breadcrumb\":{\"@id\":\"https:\\\/\\\/milimundo.com\\\/sk\\\/great-deals-known-less-known-travel-agencies\\\/#breadcrumb\"},\"inLanguage\":\"sk-SK\",\"potentialAction\":[{\"@type\":\"ReadAction\",\"target\":[\"https:\\\/\\\/milimundo.com\\\/sk\\\/great-deals-known-less-known-travel-agencies\\\/\"]}]},{\"@type\":\"ImageObject\",\"inLanguage\":\"sk-SK\",\"@id\":\"https:\\\/\\\/milimundo.com\\\/sk\\\/great-deals-known-less-known-travel-agencies\\\/#primaryimage\",\"url\":\"http:\\\/\\\/www.tqlkg.com\\\/image-8191691-11298230-1461262625000\",\"contentUrl\":\"http:\\\/\\\/www.tqlkg.com\\\/image-8191691-11298230-1461262625000\"},{\"@type\":\"BreadcrumbList\",\"@id\":\"https:\\\/\\\/milimundo.com\\\/sk\\\/great-deals-known-less-known-travel-agencies\\\/#breadcrumb\",\"itemListElement\":[{\"@type\":\"ListItem\",\"position\":1,\"name\":\"Domovsk\u00e1 str\u00e1nka\",\"item\":\"https:\\\/\\\/milimundo.com\\\/\"},{\"@type\":\"ListItem\",\"position\":2,\"name\":\"Skvel\u00e9 produkty zn\u00e1mych aj menej zn\u00e1mych cestoviek\"}]},{\"@type\":\"WebSite\",\"@id\":\"https:\\\/\\\/milimundo.com\\\/#website\",\"url\":\"https:\\\/\\\/milimundo.com\\\/\",\"name\":\"MiliMundo\",\"description\":\"Ako cestova\u0165 bezpe\u010dne a dobrodru\u017ene z\u00e1rove\u0148\",\"publisher\":{\"@id\":\"https:\\\/\\\/milimundo.com\\\/#\\\/schema\\\/person\\\/f8bcf013de39e7d446a379de4ead75ec\"},\"potentialAction\":[{\"@type\":\"SearchAction\",\"target\":{\"@type\":\"EntryPoint\",\"urlTemplate\":\"https:\\\/\\\/milimundo.com\\\/?s={search_term_string}\"},\"query-input\":{\"@type\":\"PropertyValueSpecification\",\"valueRequired\":true,\"valueName\":\"search_term_string\"}}],\"inLanguage\":\"sk-SK\"},{\"@type\":[\"Person\",\"Organization\"],\"@id\":\"https:\\\/\\\/milimundo.com\\\/#\\\/schema\\\/person\\\/f8bcf013de39e7d446a379de4ead75ec\",\"name\":\"Mili\",\"image\":{\"@type\":\"ImageObject\",\"inLanguage\":\"sk-SK\",\"@id\":\"https:\\\/\\\/milimundo.com\\\/wp-content\\\/uploads\\\/2019\\\/08\\\/IMG-20190724-WA0001.jpg\",\"url\":\"https:\\\/\\\/milimundo.com\\\/wp-content\\\/uploads\\\/2019\\\/08\\\/IMG-20190724-WA0001.jpg\",\"contentUrl\":\"https:\\\/\\\/milimundo.com\\\/wp-content\\\/uploads\\\/2019\\\/08\\\/IMG-20190724-WA0001.jpg\",\"width\":1600,\"height\":1068,\"caption\":\"Mili\"},\"logo\":{\"@id\":\"https:\\\/\\\/milimundo.com\\\/wp-content\\\/uploads\\\/2019\\\/08\\\/IMG-20190724-WA0001.jpg\"},\"sameAs\":[\"http:\\\/\\\/milimundo.com\\\/\",\"https:\\\/\\\/www.facebook.com\\\/MiliMundo1\\\/\",\"https:\\\/\\\/www.instagram.com\\\/mili_mundo\\\/\",\"https:\\\/\\\/www.linkedin.com\\\/in\\\/milada-konecna-7a58b467\\\/\",\"https:\\\/\\\/x.com\\\/mundo_mili\",\"https:\\\/\\\/www.youtube.com\\\/channel\\\/UCgzrmRtNlfiAX25YeBC6O2w\"]}]}<\/script>\n<!-- \/ Yoast SEO plugin. -->","yoast_head_json":{"title":"Skvel\u00e9 produkty zn\u00e1mych aj menej zn\u00e1mych cestoviek - MiliMundo","robots":{"index":"index","follow":"follow","max-snippet":"max-snippet:-1","max-image-preview":"max-image-preview:large","max-video-preview":"max-video-preview:-1"},"canonical":"https:\/\/milimundo.com\/sk\/great-deals-known-less-known-travel-agencies\/","og_locale":"sk_SK","og_type":"article","og_title":"Skvel\u00e9 produkty zn\u00e1mych aj menej zn\u00e1mych cestoviek - MiliMundo","og_url":"https:\/\/milimundo.com\/sk\/great-deals-known-less-known-travel-agencies\/","og_site_name":"MiliMundo","article_publisher":"https:\/\/www.facebook.com\/MiliMundo1\/","article_modified_time":"2017-03-16T16:03:07+00:00","og_image":[{"url":"http:\/\/www.tqlkg.com\/image-8191691-11298230-1461262625000","type":"","width":"","height":""}],"twitter_card":"summary_large_image","twitter_site":"@mundo_mili","twitter_misc":{"Predpokladan\u00fd \u010das \u010d\u00edtania":"4 min\u00faty"},"schema":{"@context":"https:\/\/schema.org","@graph":[{"@type":"WebPage","@id":"https:\/\/milimundo.com\/sk\/great-deals-known-less-known-travel-agencies\/","url":"https:\/\/milimundo.com\/sk\/great-deals-known-less-known-travel-agencies\/","name":"Skvel\u00e9 produkty zn\u00e1mych aj menej zn\u00e1mych cestoviek - MiliMundo","isPartOf":{"@id":"https:\/\/milimundo.com\/#website"},"primaryImageOfPage":{"@id":"https:\/\/milimundo.com\/sk\/great-deals-known-less-known-travel-agencies\/#primaryimage"},"image":{"@id":"https:\/\/milimundo.com\/sk\/great-deals-known-less-known-travel-agencies\/#primaryimage"},"thumbnailUrl":"http:\/\/www.tqlkg.com\/image-8191691-11298230-1461262625000","datePublished":"2016-10-21T09:38:49+00:00","dateModified":"2017-03-16T16:03:07+00:00","description":"This article provides you with some popular or even less known travel agencies which provide great deals on air, hotel, vacation packages, cruises.","breadcrumb":{"@id":"https:\/\/milimundo.com\/sk\/great-deals-known-less-known-travel-agencies\/#breadcrumb"},"inLanguage":"sk-SK","potentialAction":[{"@type":"ReadAction","target":["https:\/\/milimundo.com\/sk\/great-deals-known-less-known-travel-agencies\/"]}]},{"@type":"ImageObject","inLanguage":"sk-SK","@id":"https:\/\/milimundo.com\/sk\/great-deals-known-less-known-travel-agencies\/#primaryimage","url":"http:\/\/www.tqlkg.com\/image-8191691-11298230-1461262625000","contentUrl":"http:\/\/www.tqlkg.com\/image-8191691-11298230-1461262625000"},{"@type":"BreadcrumbList","@id":"https:\/\/milimundo.com\/sk\/great-deals-known-less-known-travel-agencies\/#breadcrumb","itemListElement":[{"@type":"ListItem","position":1,"name":"Domovsk\u00e1 str\u00e1nka","item":"https:\/\/milimundo.com\/"},{"@type":"ListItem","position":2,"name":"Skvel\u00e9 produkty zn\u00e1mych aj menej zn\u00e1mych cestoviek"}]},{"@type":"WebSite","@id":"https:\/\/milimundo.com\/#website","url":"https:\/\/milimundo.com\/","name":"MiliMundo","description":"Ako cestova\u0165 bezpe\u010dne a dobrodru\u017ene z\u00e1rove\u0148","publisher":{"@id":"https:\/\/milimundo.com\/#\/schema\/person\/f8bcf013de39e7d446a379de4ead75ec"},"potentialAction":[{"@type":"SearchAction","target":{"@type":"EntryPoint","urlTemplate":"https:\/\/milimundo.com\/?s={search_term_string}"},"query-input":{"@type":"PropertyValueSpecification","valueRequired":true,"valueName":"search_term_string"}}],"inLanguage":"sk-SK"},{"@type":["Person","Organization"],"@id":"https:\/\/milimundo.com\/#\/schema\/person\/f8bcf013de39e7d446a379de4ead75ec","name":"Mili","image":{"@type":"ImageObject","inLanguage":"sk-SK","@id":"https:\/\/milimundo.com\/wp-content\/uploads\/2019\/08\/IMG-20190724-WA0001.jpg","url":"https:\/\/milimundo.com\/wp-content\/uploads\/2019\/08\/IMG-20190724-WA0001.jpg","contentUrl":"https:\/\/milimundo.com\/wp-content\/uploads\/2019\/08\/IMG-20190724-WA0001.jpg","width":1600,"height":1068,"caption":"Mili"},"logo":{"@id":"https:\/\/milimundo.com\/wp-content\/uploads\/2019\/08\/IMG-20190724-WA0001.jpg"},"sameAs":["http:\/\/milimundo.com\/","https:\/\/www.facebook.com\/MiliMundo1\/","https:\/\/www.instagram.com\/mili_mundo\/","https:\/\/www.linkedin.com\/in\/milada-konecna-7a58b467\/","https:\/\/x.com\/mundo_mili","https:\/\/www.youtube.com\/channel\/UCgzrmRtNlfiAX25YeBC6O2w"]}]}},"jetpack_sharing_enabled":true,"post_mailing_queue_ids":[],"_links":{"self":[{"href":"https:\/\/milimundo.com\/sk\/wp-json\/wp\/v2\/pages\/628","targetHints":{"allow":["GET"]}}],"collection":[{"href":"https:\/\/milimundo.com\/sk\/wp-json\/wp\/v2\/pages"}],"about":[{"href":"https:\/\/milimundo.com\/sk\/wp-json\/wp\/v2\/types\/page"}],"author":[{"embeddable":true,"href":"https:\/\/milimundo.com\/sk\/wp-json\/wp\/v2\/users\/1"}],"replies":[{"embeddable":true,"href":"https:\/\/milimundo.com\/sk\/wp-json\/wp\/v2\/comments?post=628"}],"version-history":[{"count":6,"href":"https:\/\/milimundo.com\/sk\/wp-json\/wp\/v2\/pages\/628\/revisions"}],"predecessor-version":[{"id":646,"href":"https:\/\/milimundo.com\/sk\/wp-json\/wp\/v2\/pages\/628\/revisions\/646"}],"wp:attachment":[{"href":"https:\/\/milimundo.com\/sk\/wp-json\/wp\/v2\/media?parent=628"}],"curies":[{"name":"wp","href":"https:\/\/api.w.org\/{rel}","templated":true}]}}