{"id":345,"date":"2016-08-11T10:22:49","date_gmt":"2016-08-11T08:22:49","guid":{"rendered":"http:\/\/milimundo.com\/?page_id=345"},"modified":"2018-05-24T21:23:03","modified_gmt":"2018-05-24T19:23:03","slug":"contact-milimundo","status":"publish","type":"page","link":"https:\/\/milimundo.com\/sk\/contact-milimundo\/","title":{"rendered":"Kontakt na MiliMundo"},"content":{"rendered":"<p style=\"text-align: center;\">Ahojte MiliMun\u010f\u00e1ci, s rados\u0165ou V\u00e1m odpoviem na ak\u00fako\u013evek ot\u00e1zku, tak\u017ee nev\u00e1hajte a komentujte moje \u010dl\u00e1nky alebo mi priamo nap\u00ed\u0161te na m\u00f4j email:<\/p>\n<p style=\"text-align: center;\"><strong>info@milimundo.com <\/strong>alebo<strong>\u00a0milimundo88@gmail.com<\/strong><\/p><div id=\"milim-2167081693\" class=\"milim-content milim-entity-placement\"><script async src=\"https:\/\/pagead2.googlesyndication.com\/pagead\/js\/adsbygoogle.js?client=ca-pub-1751154357200980\"\r\n     crossorigin=\"anonymous\"><\/script><\/div>\n<p style=\"text-align: center;\">Tie\u017e ma m\u00f4\u017eete sledova\u0165 a kontaktova\u0165 cez <strong><a href=\"https:\/\/www.facebook.com\/MiliMundo1\/\" target=\"_blank\" rel=\"noopener\">FB<\/a>, <a href=\"https:\/\/twitter.com\/mundo_mili\" target=\"_blank\" rel=\"noopener\">Twitter<\/a><\/strong> \u010di <strong><a href=\"https:\/\/www.instagram.com\/mili_mundo\/\" target=\"_blank\" rel=\"noopener\">Instagram<\/a>.<\/strong><\/p>\n<p style=\"text-align: center;\">Te\u0161\u00edm sa na Va\u0161e spr\u00e1vy, komenty, ot\u00e1zky!<\/p>\n<p style=\"text-align: center;\"><strong>CARPE DIEM \ud83d\ude42<\/strong><\/p>\n<p style=\"text-align: center;\"><img loading=\"lazy\" decoding=\"async\" class=\"aligncenter size-large wp-image-591\" src=\"http:\/\/milimundo.com\/wp-content\/uploads\/2016\/10\/3-PERU-38-1024x226.jpg\" alt=\"3-peru-38\" width=\"700\" height=\"154\" srcset=\"https:\/\/milimundo.com\/wp-content\/uploads\/2016\/10\/3-PERU-38-1024x226.jpg 1024w, https:\/\/milimundo.com\/wp-content\/uploads\/2016\/10\/3-PERU-38-600x132.jpg 600w, https:\/\/milimundo.com\/wp-content\/uploads\/2016\/10\/3-PERU-38-300x66.jpg 300w, https:\/\/milimundo.com\/wp-content\/uploads\/2016\/10\/3-PERU-38-768x169.jpg 768w, https:\/\/milimundo.com\/wp-content\/uploads\/2016\/10\/3-PERU-38.jpg 1075w\" sizes=\"auto, (max-width: 700px) 100vw, 700px\" \/><\/p>\n<h3 class=\"widget-title\" style=\"text-align: center;\"><span style=\"color: #000000;\"><strong>ODOBERAJ m\u00f4j NEWSLETTER<\/strong><\/span><\/h3>\n<div style=\"text-align: center;\">\n<div class=\"es_caption\">Chceli by ste dost\u00e1va\u0165 moje pr\u00edspevky, tipy a rady na cestovanie pravidelne? Nev\u00e1hajte, nap\u00ed\u0161te svoj email a zostaneme v kontakte \ud83d\ude42<\/div>\n<div class=\"es_caption\"><\/div>\n<\/div>\n<div class=\"es_caption\" style=\"text-align: center;\"><strong><p><label class=\"gdpr-label\"><input type=\"checkbox\" name=\"user_consents[privacy-policy]\" id=\"privacy-policy-consent\" value=\"1\" required >You read and agreed to our <a href=\"https:\/\/milimundo.com\/gdpr-milimundo\/\" target=\"_blank\">Privacy Policy<\/a>.<\/label><\/p><div class=\"emaillist\" id=\"es_form_f0-n1\"><form action=\"\/sk\/wp-json\/wp\/v2\/pages\/345#es_form_f0-n1\" method=\"post\" class=\"es_subscription_form es_shortcode_form  es_ajax_subscription_form\" id=\"es_subscription_form_69ec44acc1782\" data-source=\"ig-es\" data-form-id=\"0\"><div class=\"es-field-wrap\"><label>Name<br \/><input type=\"text\" name=\"esfpx_name\" class=\"ig_es_form_field_name\" placeholder=\"\" value=\"\" \/><\/label><\/div><div class=\"es-field-wrap ig-es-form-field\"><label class=\"es-field-label\">Email*<br \/><input class=\"es_required_field es_txt_email ig_es_form_field_email ig-es-form-input\" type=\"email\" name=\"esfpx_email\" value=\"\" placeholder=\"\" required=\"required\" \/><\/label><\/div><input type=\"hidden\" name=\"esfpx_lists[]\" value=\"e6ce8a6df8ab\" \/><input type=\"hidden\" name=\"esfpx_form_id\" value=\"0\" \/><input type=\"hidden\" name=\"es\" value=\"subscribe\" \/>\n\t\t\t<input type=\"hidden\" name=\"esfpx_es_form_identifier\" value=\"f0-n1\" \/>\n\t\t\t<input type=\"hidden\" name=\"esfpx_es_email_page\" value=\"345\" \/>\n\t\t\t<input type=\"hidden\" name=\"esfpx_es_email_page_url\" value=\"https:\/\/milimundo.com\/sk\/contact-milimundo\/\" \/>\n\t\t\t<input type=\"hidden\" name=\"esfpx_status\" value=\"Unconfirmed\" \/>\n\t\t\t<input type=\"hidden\" name=\"esfpx_es-subscribe\" id=\"es-subscribe-69ec44acc1782\" value=\"8ccb91f0a7\" \/>\n\t\t\t<label style=\"position:absolute;top:-99999px;left:-99999px;z-index:-99;\" aria-hidden=\"true\"><span hidden>Please leave this field empty.<\/span><input type=\"email\" name=\"esfpx_es_hp_email\" class=\"es_required_field\" tabindex=\"-1\" autocomplete=\"-1\" value=\"\" \/><\/label><input type=\"submit\" name=\"submit\" class=\"es_subscription_form_submit es_submit_button es_textbox_button\" id=\"es_subscription_form_submit_69ec44acc1782\" value=\"Subscribe\" \/><span class=\"es_spinner_image\" id=\"spinner-image\"><img decoding=\"async\" src=\"https:\/\/milimundo.com\/wp-content\/plugins\/email-subscribers\/lite\/public\/images\/spinner.gif\" alt=\"Loading\" \/><\/span><\/form><span class=\"es_subscription_message \" id=\"es_subscription_message_69ec44acc1782\" role=\"alert\" aria-live=\"assertive\"><\/span><\/div><\/strong><\/div>\n<div style=\"text-align: center;\"><\/div>\n<div style=\"text-align: center;\">Zozbieran\u00edm Va\u0161ich emailov mi dovol\u00edte V\u00e1m zasla\u0165 na email ka\u017ed\u00fd nov\u00fd \u010dl\u00e1nok, ktor\u00fd nap\u00ed\u0161em, \u010d\u00edm budete m\u00f4c\u0165 sledova\u0165 moje dobrodru\u017estv\u00e1 naprie\u010d cel\u00fdm svetom. Va\u0161e \u00fadaje nebud\u00fa nijako zneu\u017eit\u00e9 \u010di uk\u00e1zan\u00e9 tret\u00edm stran\u00e1m. Tak\u017ee NO STRESS. \ud83d\ude09<\/div>\n<p style=\"text-align: center;\">\n","protected":false},"excerpt":{"rendered":"<p>Ahojte MiliMun\u010f\u00e1ci, s rados\u0165ou V\u00e1m odpoviem na ak\u00fako\u013evek ot\u00e1zku, tak\u017ee nev\u00e1hajte a komentujte moje \u010dl\u00e1nky alebo mi priamo nap\u00ed\u0161te na m\u00f4j email: info@milimundo.com alebo\u00a0milimundo88@gmail.com Tie\u017e ma m\u00f4\u017eete sledova\u0165 a kontaktova\u0165 cez FB, Twitter \u010di Instagram. Te\u0161\u00edm sa na Va\u0161e spr\u00e1vy, &hellip; <a class=\"kt-excerpt-readmore more-link\" href=\"https:\/\/milimundo.com\/sk\/contact-milimundo\/\">Read More<\/a><\/p>\n","protected":false},"author":1,"featured_media":0,"parent":0,"menu_order":0,"comment_status":"closed","ping_status":"closed","template":"","meta":{"footnotes":""},"class_list":["post-345","page","type-page","status-publish","hentry"],"translation":{"provider":"WPGlobus","version":"3.0.2","language":"sk","enabled_languages":["en","sk"],"languages":{"en":{"title":true,"content":true,"excerpt":false},"sk":{"title":true,"content":true,"excerpt":false}}},"yoast_head":"<!-- This site is optimized with the Yoast SEO plugin v27.3 - https:\/\/yoast.com\/product\/yoast-seo-wordpress\/ -->\n<title>Kontakt na MiliMundo - MiliMundo<\/title>\n<meta name=\"robots\" content=\"index, follow, max-snippet:-1, max-image-preview:large, max-video-preview:-1\" \/>\n<link rel=\"canonical\" href=\"https:\/\/milimundo.com\/contact-milimundo\/\" \/>\n<meta property=\"og:locale\" content=\"sk_SK\" \/>\n<meta property=\"og:type\" content=\"article\" \/>\n<meta property=\"og:title\" content=\"Kontakt na MiliMundo - MiliMundo\" \/>\n<meta property=\"og:url\" content=\"https:\/\/milimundo.com\/contact-milimundo\/\" \/>\n<meta property=\"og:site_name\" content=\"MiliMundo\" \/>\n<meta property=\"article:publisher\" content=\"https:\/\/www.facebook.com\/MiliMundo1\/\" \/>\n<meta property=\"article:modified_time\" content=\"2018-05-24T19:23:03+00:00\" \/>\n<meta property=\"og:image\" content=\"http:\/\/milimundo.com\/wp-content\/uploads\/2016\/10\/3-PERU-38-1024x226.jpg\" \/>\n<meta name=\"twitter:card\" content=\"summary_large_image\" \/>\n<meta name=\"twitter:site\" content=\"@mundo_mili\" \/>\n<meta name=\"twitter:label1\" content=\"Predpokladan\u00fd \u010das \u010d\u00edtania\" \/>\n\t<meta name=\"twitter:data1\" content=\"1 min\u00fata\" \/>\n<script type=\"application\/ld+json\" class=\"yoast-schema-graph\">{\"@context\":\"https:\\\/\\\/schema.org\",\"@graph\":[{\"@type\":\"WebPage\",\"@id\":\"https:\\\/\\\/milimundo.com\\\/contact-milimundo\\\/\",\"url\":\"https:\\\/\\\/milimundo.com\\\/contact-milimundo\\\/\",\"name\":\"Kontakt na MiliMundo - MiliMundo\",\"isPartOf\":{\"@id\":\"https:\\\/\\\/milimundo.com\\\/#website\"},\"primaryImageOfPage\":{\"@id\":\"https:\\\/\\\/milimundo.com\\\/contact-milimundo\\\/#primaryimage\"},\"image\":{\"@id\":\"https:\\\/\\\/milimundo.com\\\/contact-milimundo\\\/#primaryimage\"},\"thumbnailUrl\":\"http:\\\/\\\/milimundo.com\\\/wp-content\\\/uploads\\\/2016\\\/10\\\/3-PERU-38-1024x226.jpg\",\"datePublished\":\"2016-08-11T08:22:49+00:00\",\"dateModified\":\"2018-05-24T19:23:03+00:00\",\"description\":\"Do you have question? Do you need advice? Don\u00b4t hesitate and Contact me via FB or email, and follow me on twitter, instagram or youtube.\",\"breadcrumb\":{\"@id\":\"https:\\\/\\\/milimundo.com\\\/contact-milimundo\\\/#breadcrumb\"},\"inLanguage\":\"sk-SK\",\"potentialAction\":[{\"@type\":\"ReadAction\",\"target\":[\"https:\\\/\\\/milimundo.com\\\/contact-milimundo\\\/\"]}]},{\"@type\":\"ImageObject\",\"inLanguage\":\"sk-SK\",\"@id\":\"https:\\\/\\\/milimundo.com\\\/contact-milimundo\\\/#primaryimage\",\"url\":\"http:\\\/\\\/milimundo.com\\\/wp-content\\\/uploads\\\/2016\\\/10\\\/3-PERU-38-1024x226.jpg\",\"contentUrl\":\"http:\\\/\\\/milimundo.com\\\/wp-content\\\/uploads\\\/2016\\\/10\\\/3-PERU-38-1024x226.jpg\"},{\"@type\":\"BreadcrumbList\",\"@id\":\"https:\\\/\\\/milimundo.com\\\/contact-milimundo\\\/#breadcrumb\",\"itemListElement\":[{\"@type\":\"ListItem\",\"position\":1,\"name\":\"Domovsk\u00e1 str\u00e1nka\",\"item\":\"https:\\\/\\\/milimundo.com\\\/\"},{\"@type\":\"ListItem\",\"position\":2,\"name\":\"Contact of MiliMundo\"}]},{\"@type\":\"WebSite\",\"@id\":\"https:\\\/\\\/milimundo.com\\\/#website\",\"url\":\"https:\\\/\\\/milimundo.com\\\/\",\"name\":\"MiliMundo\",\"description\":\"Ako cestova\u0165 bezpe\u010dne a dobrodru\u017ene z\u00e1rove\u0148\",\"publisher\":{\"@id\":\"https:\\\/\\\/milimundo.com\\\/#\\\/schema\\\/person\\\/f8bcf013de39e7d446a379de4ead75ec\"},\"potentialAction\":[{\"@type\":\"SearchAction\",\"target\":{\"@type\":\"EntryPoint\",\"urlTemplate\":\"https:\\\/\\\/milimundo.com\\\/?s={search_term_string}\"},\"query-input\":{\"@type\":\"PropertyValueSpecification\",\"valueRequired\":true,\"valueName\":\"search_term_string\"}}],\"inLanguage\":\"sk-SK\"},{\"@type\":[\"Person\",\"Organization\"],\"@id\":\"https:\\\/\\\/milimundo.com\\\/#\\\/schema\\\/person\\\/f8bcf013de39e7d446a379de4ead75ec\",\"name\":\"Mili\",\"image\":{\"@type\":\"ImageObject\",\"inLanguage\":\"sk-SK\",\"@id\":\"https:\\\/\\\/milimundo.com\\\/wp-content\\\/uploads\\\/2019\\\/08\\\/IMG-20190724-WA0001.jpg\",\"url\":\"https:\\\/\\\/milimundo.com\\\/wp-content\\\/uploads\\\/2019\\\/08\\\/IMG-20190724-WA0001.jpg\",\"contentUrl\":\"https:\\\/\\\/milimundo.com\\\/wp-content\\\/uploads\\\/2019\\\/08\\\/IMG-20190724-WA0001.jpg\",\"width\":1600,\"height\":1068,\"caption\":\"Mili\"},\"logo\":{\"@id\":\"https:\\\/\\\/milimundo.com\\\/wp-content\\\/uploads\\\/2019\\\/08\\\/IMG-20190724-WA0001.jpg\"},\"sameAs\":[\"http:\\\/\\\/milimundo.com\\\/\",\"https:\\\/\\\/www.facebook.com\\\/MiliMundo1\\\/\",\"https:\\\/\\\/www.instagram.com\\\/mili_mundo\\\/\",\"https:\\\/\\\/www.linkedin.com\\\/in\\\/milada-konecna-7a58b467\\\/\",\"https:\\\/\\\/x.com\\\/mundo_mili\",\"https:\\\/\\\/www.youtube.com\\\/channel\\\/UCgzrmRtNlfiAX25YeBC6O2w\"]}]}<\/script>\n<!-- \/ Yoast SEO plugin. -->","yoast_head_json":{"title":"Kontakt na MiliMundo - MiliMundo","robots":{"index":"index","follow":"follow","max-snippet":"max-snippet:-1","max-image-preview":"max-image-preview:large","max-video-preview":"max-video-preview:-1"},"canonical":"https:\/\/milimundo.com\/contact-milimundo\/","og_locale":"sk_SK","og_type":"article","og_title":"Kontakt na MiliMundo - MiliMundo","og_url":"https:\/\/milimundo.com\/contact-milimundo\/","og_site_name":"MiliMundo","article_publisher":"https:\/\/www.facebook.com\/MiliMundo1\/","article_modified_time":"2018-05-24T19:23:03+00:00","og_image":[{"url":"http:\/\/milimundo.com\/wp-content\/uploads\/2016\/10\/3-PERU-38-1024x226.jpg","type":"","width":"","height":""}],"twitter_card":"summary_large_image","twitter_site":"@mundo_mili","twitter_misc":{"Predpokladan\u00fd \u010das \u010d\u00edtania":"1 min\u00fata"},"schema":{"@context":"https:\/\/schema.org","@graph":[{"@type":"WebPage","@id":"https:\/\/milimundo.com\/contact-milimundo\/","url":"https:\/\/milimundo.com\/contact-milimundo\/","name":"Kontakt na MiliMundo - MiliMundo","isPartOf":{"@id":"https:\/\/milimundo.com\/#website"},"primaryImageOfPage":{"@id":"https:\/\/milimundo.com\/contact-milimundo\/#primaryimage"},"image":{"@id":"https:\/\/milimundo.com\/contact-milimundo\/#primaryimage"},"thumbnailUrl":"http:\/\/milimundo.com\/wp-content\/uploads\/2016\/10\/3-PERU-38-1024x226.jpg","datePublished":"2016-08-11T08:22:49+00:00","dateModified":"2018-05-24T19:23:03+00:00","description":"Do you have question? Do you need advice? Don\u00b4t hesitate and Contact me via FB or email, and follow me on twitter, instagram or youtube.","breadcrumb":{"@id":"https:\/\/milimundo.com\/contact-milimundo\/#breadcrumb"},"inLanguage":"sk-SK","potentialAction":[{"@type":"ReadAction","target":["https:\/\/milimundo.com\/contact-milimundo\/"]}]},{"@type":"ImageObject","inLanguage":"sk-SK","@id":"https:\/\/milimundo.com\/contact-milimundo\/#primaryimage","url":"http:\/\/milimundo.com\/wp-content\/uploads\/2016\/10\/3-PERU-38-1024x226.jpg","contentUrl":"http:\/\/milimundo.com\/wp-content\/uploads\/2016\/10\/3-PERU-38-1024x226.jpg"},{"@type":"BreadcrumbList","@id":"https:\/\/milimundo.com\/contact-milimundo\/#breadcrumb","itemListElement":[{"@type":"ListItem","position":1,"name":"Domovsk\u00e1 str\u00e1nka","item":"https:\/\/milimundo.com\/"},{"@type":"ListItem","position":2,"name":"Contact of MiliMundo"}]},{"@type":"WebSite","@id":"https:\/\/milimundo.com\/#website","url":"https:\/\/milimundo.com\/","name":"MiliMundo","description":"Ako cestova\u0165 bezpe\u010dne a dobrodru\u017ene z\u00e1rove\u0148","publisher":{"@id":"https:\/\/milimundo.com\/#\/schema\/person\/f8bcf013de39e7d446a379de4ead75ec"},"potentialAction":[{"@type":"SearchAction","target":{"@type":"EntryPoint","urlTemplate":"https:\/\/milimundo.com\/?s={search_term_string}"},"query-input":{"@type":"PropertyValueSpecification","valueRequired":true,"valueName":"search_term_string"}}],"inLanguage":"sk-SK"},{"@type":["Person","Organization"],"@id":"https:\/\/milimundo.com\/#\/schema\/person\/f8bcf013de39e7d446a379de4ead75ec","name":"Mili","image":{"@type":"ImageObject","inLanguage":"sk-SK","@id":"https:\/\/milimundo.com\/wp-content\/uploads\/2019\/08\/IMG-20190724-WA0001.jpg","url":"https:\/\/milimundo.com\/wp-content\/uploads\/2019\/08\/IMG-20190724-WA0001.jpg","contentUrl":"https:\/\/milimundo.com\/wp-content\/uploads\/2019\/08\/IMG-20190724-WA0001.jpg","width":1600,"height":1068,"caption":"Mili"},"logo":{"@id":"https:\/\/milimundo.com\/wp-content\/uploads\/2019\/08\/IMG-20190724-WA0001.jpg"},"sameAs":["http:\/\/milimundo.com\/","https:\/\/www.facebook.com\/MiliMundo1\/","https:\/\/www.instagram.com\/mili_mundo\/","https:\/\/www.linkedin.com\/in\/milada-konecna-7a58b467\/","https:\/\/x.com\/mundo_mili","https:\/\/www.youtube.com\/channel\/UCgzrmRtNlfiAX25YeBC6O2w"]}]}},"jetpack_sharing_enabled":true,"post_mailing_queue_ids":[],"_links":{"self":[{"href":"https:\/\/milimundo.com\/sk\/wp-json\/wp\/v2\/pages\/345","targetHints":{"allow":["GET"]}}],"collection":[{"href":"https:\/\/milimundo.com\/sk\/wp-json\/wp\/v2\/pages"}],"about":[{"href":"https:\/\/milimundo.com\/sk\/wp-json\/wp\/v2\/types\/page"}],"author":[{"embeddable":true,"href":"https:\/\/milimundo.com\/sk\/wp-json\/wp\/v2\/users\/1"}],"replies":[{"embeddable":true,"href":"https:\/\/milimundo.com\/sk\/wp-json\/wp\/v2\/comments?post=345"}],"version-history":[{"count":6,"href":"https:\/\/milimundo.com\/sk\/wp-json\/wp\/v2\/pages\/345\/revisions"}],"predecessor-version":[{"id":3053,"href":"https:\/\/milimundo.com\/sk\/wp-json\/wp\/v2\/pages\/345\/revisions\/3053"}],"wp:attachment":[{"href":"https:\/\/milimundo.com\/sk\/wp-json\/wp\/v2\/media?parent=345"}],"curies":[{"name":"wp","href":"https:\/\/api.w.org\/{rel}","templated":true}]}}