{"id":3079,"date":"2018-06-01T04:26:19","date_gmt":"2018-06-01T02:26:19","guid":{"rendered":"https:\/\/milimundo.com\/?page_id=3079"},"modified":"2019-12-07T16:38:02","modified_gmt":"2019-12-07T14:38:02","slug":"gdpr-milimundo","status":"publish","type":"page","link":"https:\/\/milimundo.com\/sk\/gdpr-milimundo\/","title":{"rendered":"GDPR nariadenie pre blog MiliMundo"},"content":{"rendered":"<div class=\"td-page-header\">\n<h1 class=\"entry-title td-page-title\" style=\"text-align: center;\">GDPR nariadenie platn\u00e9 pre cestovate\u013esk\u00fd blog MiliMundo<\/h1>\n<\/div>\n<div class=\"td-page-content\">\n<p style=\"text-align: center;\">Od 25.5.2018 nadobudlo platnos\u0165 Eur\u00f3pske nariadenie o ochrane osobn\u00fdch \u00fadajov (GDPR).<\/p>\n<p style=\"text-align: center;\"><strong>Ak\u00e9 osobn\u00e9 \u00fadaje uchov\u00e1va MiliMundo?<\/strong><\/p><div id=\"milim-1257475574\" class=\"milim-content milim-entity-placement\"><script async src=\"https:\/\/pagead2.googlesyndication.com\/pagead\/js\/adsbygoogle.js?client=ca-pub-1751154357200980\"\r\n     crossorigin=\"anonymous\"><\/script><\/div>\n<ul style=\"text-align: center;\">\n<li>emailov\u00e1 adresa, adresa, meno a priezvisko (v pr\u00edpade jeho zadania)<\/li>\n<\/ul>\n<p style=\"text-align: center;\"><strong>Ako dlho s\u00fa osobn\u00e9 \u00fadaje uchov\u00e1van\u00e9?<\/strong><\/p>\n<ul style=\"text-align: center;\">\n<li>len dovtedy, do kedy si to \u017eel\u00e1 odoberate\u013e (v pr\u00edpade odhl\u00e1senia sa kontakt aj email je ihne\u010f vymazan\u00fd)<\/li>\n<\/ul>\n<p style=\"text-align: center;\"><strong>Na \u010do s\u00fa osobn\u00e9 \u00fadaje pou\u017e\u00edvan\u00e9?<\/strong><\/p>\n<ul>\n<li style=\"text-align: center;\">Zozbieran\u00edm Va\u0161ich emailov dovol\u00edte MiliMundu V\u00e1m zasla\u0165 na email ka\u017ed\u00fd nov\u00fd \u010dl\u00e1nok, ktor\u00fd nap\u00ed\u0161em, \u010d\u00edm budete m\u00f4c\u0165 sledova\u0165 moje dobrodru\u017estv\u00e1 naprie\u010d cel\u00fdm svetom alebo k prijatiu objedn\u00e1vky m\u00f4jho e-booku<\/li>\n<\/ul>\n<p style=\"text-align: center;\">Ak sa teda chcete sta\u0165 MiliMun\u010f\u00e1kom a odobera\u0165 moje \u010dl\u00e1nky z precestovan\u00fdch kraj\u00edn \u010di zo \u017eivota na lodi, <strong>zaregistrujte sa ni\u017e\u0161ie<\/strong>.<\/p>\n<div class=\"es_caption\" style=\"text-align: center;\"><strong><p><label class=\"gdpr-label\"><input type=\"checkbox\" name=\"user_consents[privacy-policy]\" id=\"privacy-policy-consent\" value=\"1\" required >You read and agreed to our <a href=\"https:\/\/milimundo.com\/gdpr-milimundo\/\" target=\"_blank\">Privacy Policy<\/a>.<\/label><\/p><div class=\"emaillist\" id=\"es_form_f0-n1\"><form action=\"\/sk\/wp-json\/wp\/v2\/pages\/3079#es_form_f0-n1\" method=\"post\" class=\"es_subscription_form es_shortcode_form  es_ajax_subscription_form\" id=\"es_subscription_form_69ec595eeaba6\" data-source=\"ig-es\" data-form-id=\"0\"><div class=\"es-field-wrap\"><label>Name<br \/><input type=\"text\" name=\"esfpx_name\" class=\"ig_es_form_field_name\" placeholder=\"\" value=\"\" \/><\/label><\/div><div class=\"es-field-wrap ig-es-form-field\"><label class=\"es-field-label\">Email*<br \/><input class=\"es_required_field es_txt_email ig_es_form_field_email ig-es-form-input\" type=\"email\" name=\"esfpx_email\" value=\"\" placeholder=\"\" required=\"required\" \/><\/label><\/div><input type=\"hidden\" name=\"esfpx_lists[]\" value=\"e6ce8a6df8ab\" \/><input type=\"hidden\" name=\"esfpx_form_id\" value=\"0\" \/><input type=\"hidden\" name=\"es\" value=\"subscribe\" \/>\n\t\t\t<input type=\"hidden\" name=\"esfpx_es_form_identifier\" value=\"f0-n1\" \/>\n\t\t\t<input type=\"hidden\" name=\"esfpx_es_email_page\" value=\"3079\" \/>\n\t\t\t<input type=\"hidden\" name=\"esfpx_es_email_page_url\" value=\"https:\/\/milimundo.com\/sk\/gdpr-milimundo\/\" \/>\n\t\t\t<input type=\"hidden\" name=\"esfpx_status\" value=\"Unconfirmed\" \/>\n\t\t\t<input type=\"hidden\" name=\"esfpx_es-subscribe\" id=\"es-subscribe-69ec595eeaba6\" value=\"8ccb91f0a7\" \/>\n\t\t\t<label style=\"position:absolute;top:-99999px;left:-99999px;z-index:-99;\" aria-hidden=\"true\"><span hidden>Please leave this field empty.<\/span><input type=\"email\" name=\"esfpx_es_hp_email\" class=\"es_required_field\" tabindex=\"-1\" autocomplete=\"-1\" value=\"\" \/><\/label><input type=\"submit\" name=\"submit\" class=\"es_subscription_form_submit es_submit_button es_textbox_button\" id=\"es_subscription_form_submit_69ec595eeaba6\" value=\"Subscribe\" \/><span class=\"es_spinner_image\" id=\"spinner-image\"><img decoding=\"async\" src=\"https:\/\/milimundo.com\/wp-content\/plugins\/email-subscribers\/lite\/public\/images\/spinner.gif\" alt=\"Loading\" \/><\/span><\/form><span class=\"es_subscription_message \" id=\"es_subscription_message_69ec595eeaba6\" role=\"alert\" aria-live=\"assertive\"><\/span><\/div><\/strong><\/div>\n<\/div>\n<div><\/div>\n<div style=\"text-align: center;\"><strong>Va\u0161e \u00fadaje nebud\u00fa nijako zneu\u017eit\u00e9 \u010di uk\u00e1zan\u00e9 tret\u00edm stran\u00e1m. Tak\u017ee &#8220;Don\u00b4t worry, be happy&#8221;. \ud83d\ude42<\/strong><\/div>\n<div class=\"td-page-content\">\n<div class=\"es_caption\" style=\"text-align: center;\"><\/div>\n<\/div>\n","protected":false},"excerpt":{"rendered":"<p>GDPR nariadenie platn\u00e9 pre cestovate\u013esk\u00fd blog MiliMundo Od 25.5.2018 nadobudlo platnos\u0165 Eur\u00f3pske nariadenie o ochrane osobn\u00fdch \u00fadajov (GDPR). Ak\u00e9 osobn\u00e9 \u00fadaje uchov\u00e1va MiliMundo? emailov\u00e1 adresa, adresa, meno a priezvisko (v pr\u00edpade jeho zadania) Ako dlho s\u00fa osobn\u00e9 \u00fadaje uchov\u00e1van\u00e9? len &hellip; <a class=\"kt-excerpt-readmore more-link\" href=\"https:\/\/milimundo.com\/sk\/gdpr-milimundo\/\">Read More<\/a><\/p>\n","protected":false},"author":1,"featured_media":0,"parent":0,"menu_order":0,"comment_status":"closed","ping_status":"closed","template":"","meta":{"footnotes":""},"class_list":["post-3079","page","type-page","status-publish","hentry"],"translation":{"provider":"WPGlobus","version":"3.0.2","language":"sk","enabled_languages":["en","sk"],"languages":{"en":{"title":true,"content":true,"excerpt":false},"sk":{"title":true,"content":true,"excerpt":false}}},"yoast_head":"<!-- This site is optimized with the Yoast SEO plugin v27.3 - https:\/\/yoast.com\/product\/yoast-seo-wordpress\/ -->\n<title>GDPR nariadenie pre blog MiliMundo - MiliMundo<\/title>\n<meta name=\"robots\" content=\"index, follow, max-snippet:-1, max-image-preview:large, max-video-preview:-1\" \/>\n<link rel=\"canonical\" href=\"https:\/\/milimundo.com\/gdpr-milimundo\/\" \/>\n<meta property=\"og:locale\" content=\"sk_SK\" \/>\n<meta property=\"og:type\" content=\"article\" \/>\n<meta property=\"og:title\" content=\"GDPR nariadenie pre blog MiliMundo - MiliMundo\" \/>\n<meta property=\"og:url\" content=\"https:\/\/milimundo.com\/gdpr-milimundo\/\" \/>\n<meta property=\"og:site_name\" content=\"MiliMundo\" \/>\n<meta property=\"article:publisher\" content=\"https:\/\/www.facebook.com\/MiliMundo1\/\" \/>\n<meta property=\"article:modified_time\" content=\"2019-12-07T14:38:02+00:00\" \/>\n<meta property=\"og:image\" content=\"https:\/\/milimundo.com\/wp-content\/uploads\/2016\/07\/rio.jpg\" \/>\n\t<meta property=\"og:image:width\" content=\"960\" \/>\n\t<meta property=\"og:image:height\" content=\"720\" \/>\n\t<meta property=\"og:image:type\" content=\"image\/jpeg\" \/>\n<meta name=\"twitter:card\" content=\"summary_large_image\" \/>\n<meta name=\"twitter:site\" content=\"@mundo_mili\" \/>\n<meta name=\"twitter:label1\" content=\"Predpokladan\u00fd \u010das \u010d\u00edtania\" \/>\n\t<meta name=\"twitter:data1\" content=\"2 min\u00faty\" \/>\n<script type=\"application\/ld+json\" class=\"yoast-schema-graph\">{\"@context\":\"https:\\\/\\\/schema.org\",\"@graph\":[{\"@type\":\"WebPage\",\"@id\":\"https:\\\/\\\/milimundo.com\\\/gdpr-milimundo\\\/\",\"url\":\"https:\\\/\\\/milimundo.com\\\/gdpr-milimundo\\\/\",\"name\":\"GDPR nariadenie pre blog MiliMundo - MiliMundo\",\"isPartOf\":{\"@id\":\"https:\\\/\\\/milimundo.com\\\/#website\"},\"datePublished\":\"2018-06-01T02:26:19+00:00\",\"dateModified\":\"2019-12-07T14:38:02+00:00\",\"description\":\"{:en} GDPR nariadenie platn\u00e9 pre cestovate\u013esk\u00fd blog MiliMundo Od 25.5.2018 nadobudlo platnos\u0165 Eur\u00f3pske nariadenie o ochrane osobn\u00fdch \u00fadajov (GDPR). Ak\u00e9\",\"breadcrumb\":{\"@id\":\"https:\\\/\\\/milimundo.com\\\/gdpr-milimundo\\\/#breadcrumb\"},\"inLanguage\":\"sk-SK\",\"potentialAction\":[{\"@type\":\"ReadAction\",\"target\":[\"https:\\\/\\\/milimundo.com\\\/gdpr-milimundo\\\/\"]}]},{\"@type\":\"BreadcrumbList\",\"@id\":\"https:\\\/\\\/milimundo.com\\\/gdpr-milimundo\\\/#breadcrumb\",\"itemListElement\":[{\"@type\":\"ListItem\",\"position\":1,\"name\":\"Domovsk\u00e1 str\u00e1nka\",\"item\":\"https:\\\/\\\/milimundo.com\\\/\"},{\"@type\":\"ListItem\",\"position\":2,\"name\":\"GDPR nariadenie pre blog MiliMundo\"}]},{\"@type\":\"WebSite\",\"@id\":\"https:\\\/\\\/milimundo.com\\\/#website\",\"url\":\"https:\\\/\\\/milimundo.com\\\/\",\"name\":\"MiliMundo\",\"description\":\"Ako cestova\u0165 bezpe\u010dne a dobrodru\u017ene z\u00e1rove\u0148\",\"publisher\":{\"@id\":\"https:\\\/\\\/milimundo.com\\\/#\\\/schema\\\/person\\\/f8bcf013de39e7d446a379de4ead75ec\"},\"potentialAction\":[{\"@type\":\"SearchAction\",\"target\":{\"@type\":\"EntryPoint\",\"urlTemplate\":\"https:\\\/\\\/milimundo.com\\\/?s={search_term_string}\"},\"query-input\":{\"@type\":\"PropertyValueSpecification\",\"valueRequired\":true,\"valueName\":\"search_term_string\"}}],\"inLanguage\":\"sk-SK\"},{\"@type\":[\"Person\",\"Organization\"],\"@id\":\"https:\\\/\\\/milimundo.com\\\/#\\\/schema\\\/person\\\/f8bcf013de39e7d446a379de4ead75ec\",\"name\":\"Mili\",\"image\":{\"@type\":\"ImageObject\",\"inLanguage\":\"sk-SK\",\"@id\":\"https:\\\/\\\/milimundo.com\\\/wp-content\\\/uploads\\\/2019\\\/08\\\/IMG-20190724-WA0001.jpg\",\"url\":\"https:\\\/\\\/milimundo.com\\\/wp-content\\\/uploads\\\/2019\\\/08\\\/IMG-20190724-WA0001.jpg\",\"contentUrl\":\"https:\\\/\\\/milimundo.com\\\/wp-content\\\/uploads\\\/2019\\\/08\\\/IMG-20190724-WA0001.jpg\",\"width\":1600,\"height\":1068,\"caption\":\"Mili\"},\"logo\":{\"@id\":\"https:\\\/\\\/milimundo.com\\\/wp-content\\\/uploads\\\/2019\\\/08\\\/IMG-20190724-WA0001.jpg\"},\"sameAs\":[\"http:\\\/\\\/milimundo.com\\\/\",\"https:\\\/\\\/www.facebook.com\\\/MiliMundo1\\\/\",\"https:\\\/\\\/www.instagram.com\\\/mili_mundo\\\/\",\"https:\\\/\\\/www.linkedin.com\\\/in\\\/milada-konecna-7a58b467\\\/\",\"https:\\\/\\\/x.com\\\/mundo_mili\",\"https:\\\/\\\/www.youtube.com\\\/channel\\\/UCgzrmRtNlfiAX25YeBC6O2w\"]}]}<\/script>\n<!-- \/ Yoast SEO plugin. -->","yoast_head_json":{"title":"GDPR nariadenie pre blog MiliMundo - MiliMundo","robots":{"index":"index","follow":"follow","max-snippet":"max-snippet:-1","max-image-preview":"max-image-preview:large","max-video-preview":"max-video-preview:-1"},"canonical":"https:\/\/milimundo.com\/gdpr-milimundo\/","og_locale":"sk_SK","og_type":"article","og_title":"GDPR nariadenie pre blog MiliMundo - MiliMundo","og_url":"https:\/\/milimundo.com\/gdpr-milimundo\/","og_site_name":"MiliMundo","article_publisher":"https:\/\/www.facebook.com\/MiliMundo1\/","article_modified_time":"2019-12-07T14:38:02+00:00","og_image":[{"width":960,"height":720,"url":"https:\/\/milimundo.com\/wp-content\/uploads\/2016\/07\/rio.jpg","type":"image\/jpeg"}],"twitter_card":"summary_large_image","twitter_site":"@mundo_mili","twitter_misc":{"Predpokladan\u00fd \u010das \u010d\u00edtania":"2 min\u00faty"},"schema":{"@context":"https:\/\/schema.org","@graph":[{"@type":"WebPage","@id":"https:\/\/milimundo.com\/gdpr-milimundo\/","url":"https:\/\/milimundo.com\/gdpr-milimundo\/","name":"GDPR nariadenie pre blog MiliMundo - MiliMundo","isPartOf":{"@id":"https:\/\/milimundo.com\/#website"},"datePublished":"2018-06-01T02:26:19+00:00","dateModified":"2019-12-07T14:38:02+00:00","description":"{:en} GDPR nariadenie platn\u00e9 pre cestovate\u013esk\u00fd blog MiliMundo Od 25.5.2018 nadobudlo platnos\u0165 Eur\u00f3pske nariadenie o ochrane osobn\u00fdch \u00fadajov (GDPR). Ak\u00e9","breadcrumb":{"@id":"https:\/\/milimundo.com\/gdpr-milimundo\/#breadcrumb"},"inLanguage":"sk-SK","potentialAction":[{"@type":"ReadAction","target":["https:\/\/milimundo.com\/gdpr-milimundo\/"]}]},{"@type":"BreadcrumbList","@id":"https:\/\/milimundo.com\/gdpr-milimundo\/#breadcrumb","itemListElement":[{"@type":"ListItem","position":1,"name":"Domovsk\u00e1 str\u00e1nka","item":"https:\/\/milimundo.com\/"},{"@type":"ListItem","position":2,"name":"GDPR nariadenie pre blog MiliMundo"}]},{"@type":"WebSite","@id":"https:\/\/milimundo.com\/#website","url":"https:\/\/milimundo.com\/","name":"MiliMundo","description":"Ako cestova\u0165 bezpe\u010dne a dobrodru\u017ene z\u00e1rove\u0148","publisher":{"@id":"https:\/\/milimundo.com\/#\/schema\/person\/f8bcf013de39e7d446a379de4ead75ec"},"potentialAction":[{"@type":"SearchAction","target":{"@type":"EntryPoint","urlTemplate":"https:\/\/milimundo.com\/?s={search_term_string}"},"query-input":{"@type":"PropertyValueSpecification","valueRequired":true,"valueName":"search_term_string"}}],"inLanguage":"sk-SK"},{"@type":["Person","Organization"],"@id":"https:\/\/milimundo.com\/#\/schema\/person\/f8bcf013de39e7d446a379de4ead75ec","name":"Mili","image":{"@type":"ImageObject","inLanguage":"sk-SK","@id":"https:\/\/milimundo.com\/wp-content\/uploads\/2019\/08\/IMG-20190724-WA0001.jpg","url":"https:\/\/milimundo.com\/wp-content\/uploads\/2019\/08\/IMG-20190724-WA0001.jpg","contentUrl":"https:\/\/milimundo.com\/wp-content\/uploads\/2019\/08\/IMG-20190724-WA0001.jpg","width":1600,"height":1068,"caption":"Mili"},"logo":{"@id":"https:\/\/milimundo.com\/wp-content\/uploads\/2019\/08\/IMG-20190724-WA0001.jpg"},"sameAs":["http:\/\/milimundo.com\/","https:\/\/www.facebook.com\/MiliMundo1\/","https:\/\/www.instagram.com\/mili_mundo\/","https:\/\/www.linkedin.com\/in\/milada-konecna-7a58b467\/","https:\/\/x.com\/mundo_mili","https:\/\/www.youtube.com\/channel\/UCgzrmRtNlfiAX25YeBC6O2w"]}]}},"jetpack_sharing_enabled":true,"post_mailing_queue_ids":[],"_links":{"self":[{"href":"https:\/\/milimundo.com\/sk\/wp-json\/wp\/v2\/pages\/3079","targetHints":{"allow":["GET"]}}],"collection":[{"href":"https:\/\/milimundo.com\/sk\/wp-json\/wp\/v2\/pages"}],"about":[{"href":"https:\/\/milimundo.com\/sk\/wp-json\/wp\/v2\/types\/page"}],"author":[{"embeddable":true,"href":"https:\/\/milimundo.com\/sk\/wp-json\/wp\/v2\/users\/1"}],"replies":[{"embeddable":true,"href":"https:\/\/milimundo.com\/sk\/wp-json\/wp\/v2\/comments?post=3079"}],"version-history":[{"count":6,"href":"https:\/\/milimundo.com\/sk\/wp-json\/wp\/v2\/pages\/3079\/revisions"}],"predecessor-version":[{"id":14431,"href":"https:\/\/milimundo.com\/sk\/wp-json\/wp\/v2\/pages\/3079\/revisions\/14431"}],"wp:attachment":[{"href":"https:\/\/milimundo.com\/sk\/wp-json\/wp\/v2\/media?parent=3079"}],"curies":[{"name":"wp","href":"https:\/\/api.w.org\/{rel}","templated":true}]}}