{"id":1728,"date":"2017-09-25T12:22:36","date_gmt":"2017-09-25T10:22:36","guid":{"rendered":"http:\/\/milimundo.com\/?page_id=1728"},"modified":"2017-11-01T01:56:36","modified_gmt":"2017-10-31T23:56:36","slug":"partnership-sponsorship-milimundo","status":"publish","type":"page","link":"https:\/\/milimundo.com\/sk\/partnership-sponsorship-milimundo\/","title":{"rendered":"Spolupr\u00e1ca s cestovate\u013esk\u00fdm blogom MiliMundo"},"content":{"rendered":"<h1 style=\"text-align: center;\"><strong>Spolupr\u00e1ca s cestovate\u013esk\u00fdm blogom MiliMundo<\/strong><\/h1>\n<p style=\"text-align: center;\"><strong>Dobrodru\u017en\u00fd cestovate\u013esk\u00fd blog MiliMundo bol zalo\u017een\u00fd v lete 2016 s \u00famyslom in\u0161pirova\u0165 \u010do najviac \u013eud\u00ed, aby cestovali aj na miesta, kam sa m\u00e1lokto odv\u00e1\u017ei.<\/strong> Na miesta, ktor\u00e9 nie s\u00fa typickou dovolenkovou destin\u00e1ciou. Napr\u00edklad Kolumbia, Bol\u00edvia, Braz\u00edlia \u010di Thajsko.<\/p>\n<p style=\"text-align: center;\">Zakladate\u013eom tohto blogu je Slovenka <a href=\"http:\/\/milimundo.com\/sk\/about\/\" target=\"_blank\" rel=\"noopener\"><strong>Milada Kone\u010dn\u00e1<\/strong><\/a>, ktor\u00fa by v\u00e4\u010d\u0161ina jej priate\u013eov op\u00edsala ako bl\u00e1zniv\u00fa, spont\u00e1nnu a na cestovan\u00ed z\u00e1visl\u00fa \u017eenu. <em><u>Cie\u013eom blogu MiliMundo je nielen in\u0161pirova\u0165 a \u0161\u00edri\u0165 cestovate\u013esk\u00fa osvetu, no taktie\u017e poskytn\u00fa\u0165 kvalitn\u00e9 cestovate\u013esk\u00e9 inform\u00e1cie z prvej ruky.<\/u><\/em> <strong>Inform\u00e1cie o itiner\u00e1roch, finan\u010dn\u00fdch rozpo\u010dtoch, pl\u00e1novan\u00ed, ubytovan\u00ed, letenk\u00e1ch, exkurzi\u00e1ch, poisten\u00ed.<\/strong> O v\u0161etkom, \u010do nielen s\u00f3lo cestovanie obn\u00e1\u0161a.<\/p><div id=\"milim-3105257595\" class=\"milim-content milim-entity-placement\"><script async src=\"https:\/\/pagead2.googlesyndication.com\/pagead\/js\/adsbygoogle.js?client=ca-pub-1751154357200980\"\r\n     crossorigin=\"anonymous\"><\/script><\/div>\n<blockquote>\n<p style=\"text-align: center;\"><strong>Cestovate\u013esk\u00fd blog MiliMundo je port\u00e1l ako pre slovensk\u00fdch a \u010desk\u00fdch cestovate\u013eov, tak aj pre zahrani\u010dn\u00fdch, ke\u010f\u017ee autorka p\u00ed\u0161e autentick\u00e9 \u010dl\u00e1nky v\u00a0dvoch jazykoch &#8211; anglickom a slovenskom.\u00a0 <\/strong><\/p>\n<\/blockquote>\n<h2 style=\"text-align: center;\"><strong>Milada sa so svojim blogom MiliMundo chyst\u00e1 na dlh\u00fa dobrodru\u017en\u00fa cestu u\u017e v novembri 2017. <\/strong><\/h2>\n<h2 style=\"text-align: center;\"><strong>Jej predbe\u017en\u00fd itiner\u00e1r miest je nasledovn\u00fd:<\/strong><\/h2>\n<p style=\"text-align: center;\">\u2192 \u00a0\u00a0\u00a0<strong>Anglicko<\/strong> (Lond\u00fdn)<\/p>\n<p style=\"text-align: center;\">\u2192 <strong>Filip\u00edny<\/strong> (zrejme Palawan, Coron, Busuanga a okolie Manily)<\/p>\n<p style=\"text-align: center;\">\u2192 <strong>Kolumbia<\/strong> &#8211; pobre\u017eie Karibiku<\/p>\n<p style=\"text-align: center;\">\u2192 <strong>Stredn\u00e1 Amerika<\/strong> ( Panama, Kostarika, Nikaragua, Honduras, Guatemala)<\/p>\n<p style=\"text-align: center;\"><strong>\u2192 Mexiko<\/strong><\/p>\n<p style=\"text-align: center;\">\u2192 <strong>Kanada<\/strong><\/p>\n<p style=\"text-align: center;\"><img loading=\"lazy\" decoding=\"async\" class=\"aligncenter size-large wp-image-1771\" src=\"http:\/\/milimundo.com\/wp-content\/uploads\/2017\/09\/SK-1024x472.png\" alt=\"\" width=\"700\" height=\"323\" srcset=\"https:\/\/milimundo.com\/wp-content\/uploads\/2017\/09\/SK-1024x472.png 1024w, https:\/\/milimundo.com\/wp-content\/uploads\/2017\/09\/SK-600x276.png 600w, https:\/\/milimundo.com\/wp-content\/uploads\/2017\/09\/SK-300x138.png 300w, https:\/\/milimundo.com\/wp-content\/uploads\/2017\/09\/SK-768x354.png 768w, https:\/\/milimundo.com\/wp-content\/uploads\/2017\/09\/SK.png 1684w\" sizes=\"auto, (max-width: 700px) 100vw, 700px\" \/><\/p>\n<h2 style=\"text-align: center;\"><strong>CIE\u013d a PROJEKT CESTY MILIMUNDA<\/strong><\/h2>\n<p style=\"text-align: center;\"><strong>Cie\u013eom tejto cesty je pouk\u00e1za\u0165, \u017ee aj \u017eena sama na cest\u00e1ch sa m\u00f4\u017ee vybra\u0165 do destin\u00e1ci\u00ed, kam sa ktoko\u013evek len tak nevyberie, a \u017ee sa d\u00e1 cestova\u0165 bezpe\u010dne, lacno a dobrodru\u017ene z\u00e1rove\u0148.<\/strong> <em><u>Blog MiliMundo bude dennodenne sprostredkov\u00e1va\u0165 z\u00e1\u017eitky z ciest, integr\u00e1ciu s miestnymi \u013eu\u010fmi a poskytova\u0165 inform\u00e1cie, o ktor\u00e9 bud\u00fa ma\u0165 \u010ditatelia z\u00e1ujem.<\/u><\/em>\u00a0Aj preto vznik\u00e1 <span style=\"color: #ff0000;\"><strong>projekt CHALLENGE MILIMUNDO<\/strong><\/span> (Vyzvi MiliMundo), kde \u010ditatelia dostan\u00fa mo\u017enos\u0165 da\u0165 Milade v\u00fdzvu v ka\u017edej precestovanej krajine. O ak\u00fd typ v\u00fdzvy p\u00f4jde u\u017e bude z\u00e1le\u017ea\u0165 na kreativite \u010ditate\u013eov. Taktie\u017e to m\u00f4\u017ee by\u0165 v\u00fdzva prepojen\u00e1 priamo s produktom \u010di slu\u017ebou jej partnerov \u010di sponzorov.<\/p>\n<p style=\"text-align: center;\"><img loading=\"lazy\" decoding=\"async\" class=\"aligncenter size-full wp-image-1765\" src=\"http:\/\/milimundo.com\/wp-content\/uploads\/2017\/09\/22052542_10210077930172561_1339479139_n.png\" alt=\"\" width=\"960\" height=\"584\" srcset=\"https:\/\/milimundo.com\/wp-content\/uploads\/2017\/09\/22052542_10210077930172561_1339479139_n.png 960w, https:\/\/milimundo.com\/wp-content\/uploads\/2017\/09\/22052542_10210077930172561_1339479139_n-600x365.png 600w, https:\/\/milimundo.com\/wp-content\/uploads\/2017\/09\/22052542_10210077930172561_1339479139_n-300x183.png 300w, https:\/\/milimundo.com\/wp-content\/uploads\/2017\/09\/22052542_10210077930172561_1339479139_n-768x467.png 768w, https:\/\/milimundo.com\/wp-content\/uploads\/2017\/09\/22052542_10210077930172561_1339479139_n-840x512.png 840w, https:\/\/milimundo.com\/wp-content\/uploads\/2017\/09\/22052542_10210077930172561_1339479139_n-420x256.png 420w\" sizes=\"auto, (max-width: 960px) 100vw, 960px\" \/><\/p>\n<h2 style=\"text-align: center;\"><strong>MO\u017dNOSTI SPOLUPR\u00c1CE<\/strong><\/h2>\n<p style=\"text-align: center;\">Milada bude v\u010fa\u010dn\u00e1 za ak\u00fako\u013evek spolupr\u00e1cu v oblasti cestovania a turizmu, ktor\u00e1 bude na osoh\u00a0jej blogu, sponzorom ako tak\u00fdm no predov\u0161etk\u00fdm MiliMundo \u010ditate\u013eom.<\/p>\n<p style=\"text-align: center;\"><strong style=\"color: #555555; font-family: Ubuntu, sans-serif; font-size: 24px;\">Mo\u017enosti spolupr\u00e1ce s\u00fa nasledovn\u00e9:<\/strong><\/p>\n<p style=\"text-align: center;\">\u2192 recenzie produktov, exkurzi\u00ed a v\u00fdletov<\/p>\n<p style=\"text-align: center;\">\u2192 press tripy pre cestovn\u00e9 kancel\u00e1rie a turistick\u00e9 organiz\u00e1cie<\/p>\n<p style=\"text-align: center;\">\u2192 odkazy v existuj\u00facich \u010dl\u00e1nkoch<\/p>\n<p style=\"text-align: center;\">\u2192 publikovanie PR \u010dl\u00e1nkov<\/p>\n<p style=\"text-align: center;\">\u2192 predn\u00e1\u0161anie o cestovan\u00ed \u010di o sk\u00fasenostiach s pr\u00e1cou na lodi<\/p>\n<p style=\"text-align: center;\">\u2192 m\u00e1te \u010fal\u0161\u00ed n\u00e1vrh?\u00a0\u2192 \u00a0p\u00ed\u0161te na milimundo88@gmail.com<\/p>\n<h2 style=\"text-align: center;\"><strong>\u010cO MILIMUNDO PON\u00daKA<\/strong><\/h2>\n<p style=\"text-align: center;\"><em><u>MiliMundo bude svojich partnerov a sponzorov propagova\u0165 v \u010dl\u00e1nkoch, na facebooku, instagrame a pom\u00f4\u017ee s reklamou a pozit\u00edvnou reput\u00e1ciou<\/u><\/em>. <strong>Samozrejme podmienkou je, aby dan\u00ed partneri poskytovali kvalitn\u00e9 slu\u017eby v oblasti turizmu a cestovania ako tak\u00e9ho.<\/strong><\/p>\n<p style=\"text-align: center;\">Milada si uvedomuje, \u017ee jej blog MiliMundo je len v za\u010diatkoch, a \u017ee nem\u00e1 tak\u00fa reput\u00e1ciu, ako in\u00e9 popul\u00e1rne blogy, no pevne ver\u00ed, \u017ee svojou usilovnos\u0165ou a entuziazmom sa to \u010doskoro zmen\u00ed.<\/p>\n<p style=\"text-align: center;\"><strong>Moment\u00e1lny stav <a href=\"https:\/\/www.facebook.com\/MiliMundo1\/?fref=ts\" target=\"_blank\" rel=\"noopener\">Facebook <\/a>fan\u00fa\u0161ikov je okolo 1500, na <a href=\"https:\/\/www.instagram.com\/mili_mundo\/\" target=\"_blank\" rel=\"noopener\">Instagrame<\/a> nie\u010do cez 500 a po\u010det odberate\u013eov pravideln\u00e9ho newslettra je cez 120. <\/strong><\/p>\n<blockquote>\n<p style=\"text-align: center;\">\u010citatelia MiliMunda s\u00fa v preva\u017enej miere \u013eudia vo veku 25 a\u017e 34 rokov, z \u010doho 65 % tvoria \u017eeny so z\u00e1ujmom cestova\u0165 \u010di necha\u0165 sa in\u0161pirova\u0165 cestovan\u00edm.<\/p>\n<\/blockquote>\n<p style=\"text-align: center;\">Na z\u00e1klade Google Analytics k prv\u00fdm TOP 5 krajin\u00e1m, z ktor\u00fdch \u010ditatelia poch\u00e1dzaj\u00fa patria <strong>Slovensko, \u010cesk\u00e1 republika, USA, Spojen\u00e9 Kr\u00e1\u013eovstvo a Nemecko<\/strong>.<\/p>\n<p style=\"text-align: center;\"><img loading=\"lazy\" decoding=\"async\" class=\"aligncenter size-full wp-image-1741\" src=\"http:\/\/milimundo.com\/wp-content\/uploads\/2017\/09\/Image-1.jpg\" alt=\"\" width=\"716\" height=\"338\" srcset=\"https:\/\/milimundo.com\/wp-content\/uploads\/2017\/09\/Image-1.jpg 716w, https:\/\/milimundo.com\/wp-content\/uploads\/2017\/09\/Image-1-600x283.jpg 600w, https:\/\/milimundo.com\/wp-content\/uploads\/2017\/09\/Image-1-300x142.jpg 300w\" sizes=\"auto, (max-width: 716px) 100vw, 716px\" \/><\/p>\n<p style=\"text-align: center;\">Milada a jej blog sa na chv\u00ed\u013eku stali centrom pozornosti v rel\u00e1cii <a href=\"http:\/\/milimundo.com\/sk\/reportage-south-america\/\" target=\"_blank\" rel=\"noopener\"><strong>REFLEX<\/strong><\/a>, na port\u00e1li <a href=\"http:\/\/www.dobrodruh.sk\/amerika\/sama-napriec-juznou-amerikou\" target=\"_blank\" rel=\"noopener\"><strong>DOBRODRUH.SK<\/strong><\/a> \u010di v niektor\u00fdch \u010dasopisoch ako <strong>B\u00e1je\u010dn\u00e1 \u017dena<\/strong> \u010di <strong>dubajsk\u00fd metro denn\u00edk<\/strong>. Milada mala taktie\u017e \u010des\u0165 predn\u00e1\u0161a\u0165 o jej cest\u00e1ch po Ju\u017enej Amerike na <a href=\"http:\/\/kolemsveta.cz\/\" target=\"_blank\" rel=\"noopener\"><strong>najv\u00e4\u010d\u0161om cestovate\u013eskom festivale Kolem Sveta<\/strong><\/a> v \u010ceskej Republike \u010di pred ve\u013ek\u00fdm publikom v Bratislave, ktor\u00e9 pozost\u00e1valo z 250 \u013eud\u00ed. Jej \u010fal\u0161ie predn\u00e1\u0161ky sa konali v Seredi, v Ko\u0161iciach a \u010doskoro pl\u00e1nuje predn\u00e1\u0161a\u0165 na cestovate\u013eskom festivale <a href=\"http:\/\/www.cestounecestou.sk\/?gclid=CjwKCAjwjJjOBRBVEiwAfvnvBMXt4Wafcy4gWWRFS0iXqBIxgtVlA1y56YlsYOMEVfF7MLXLz8Y5WRoCsRQQAvD_BwE\" target=\"_blank\" rel=\"noopener\"><strong>Cestou Necestou<\/strong><\/a> po takmer celom Slovensku.<\/p>\n<p style=\"text-align: center;\">M\u00e1te z\u00e1ujem o spolupr\u00e1cu \u010di podpori\u0165 ve\u013ek\u00fa dobrodru\u017en\u00fa cestu MiliMunda darom?? Alebo pozn\u00e1te niekoho, kto by o spolupr\u00e1cu z\u00e1ujem mal? Nev\u00e1hajte a <a href=\"http:\/\/milimundo.com\/sk\/contact-milimundo\/\" target=\"_blank\" rel=\"noopener\"><strong>KONTAKTUJTE MILIMUNDO HNE\u010e TERAZ <\/strong><\/a>alebo mu<a href=\"https:\/\/www.paypal.com\/cgi-bin\/webscr?cmd=_s-xclick&amp;hosted_button_id=UTG2VP6G7RMDN\" target=\"_blank\" rel=\"noopener\"><strong> prispejte na cesty v\u010faka donation button<\/strong><\/a>.<\/p>\n<p style=\"text-align: center;\">Milada V\u00e1m je vopred v\u010fa\u010dn\u00e1 za ak\u00fako\u013evek pomoc, ktor\u00e1 jej pom\u00f4\u017ee splni\u0165 si \u010fal\u0161\u00ed cestovate\u013esk\u00fd sen a z\u00e1rove\u0148 pom\u00f4\u017ee in\u00fdm spozna\u0165 \u010falek\u00e9 k\u00faty sveta aspo\u0148 v\u010faka Milimundu.<\/p>\n<p>&nbsp;<\/p>\n","protected":false},"excerpt":{"rendered":"<p>Spolupr\u00e1ca s cestovate\u013esk\u00fdm blogom MiliMundo Dobrodru\u017en\u00fd cestovate\u013esk\u00fd blog MiliMundo bol zalo\u017een\u00fd v lete 2016 s \u00famyslom in\u0161pirova\u0165 \u010do najviac \u013eud\u00ed, aby cestovali aj na miesta, kam sa m\u00e1lokto odv\u00e1\u017ei. Na miesta, ktor\u00e9 nie s\u00fa typickou dovolenkovou destin\u00e1ciou. Napr\u00edklad Kolumbia, Bol\u00edvia, &hellip; <a class=\"kt-excerpt-readmore more-link\" href=\"https:\/\/milimundo.com\/sk\/partnership-sponsorship-milimundo\/\">Read More<\/a><\/p>\n","protected":false},"author":1,"featured_media":1765,"parent":0,"menu_order":0,"comment_status":"closed","ping_status":"closed","template":"","meta":{"footnotes":""},"class_list":["post-1728","page","type-page","status-publish","has-post-thumbnail","hentry"],"translation":{"provider":"WPGlobus","version":"3.0.2","language":"sk","enabled_languages":["en","sk"],"languages":{"en":{"title":true,"content":true,"excerpt":false},"sk":{"title":true,"content":true,"excerpt":false}}},"yoast_head":"<!-- This site is optimized with the Yoast SEO plugin v27.3 - https:\/\/yoast.com\/product\/yoast-seo-wordpress\/ -->\n<title>Spolupr\u00e1ca s cestovate\u013esk\u00fdm blogom MiliMundo<\/title>\n<meta name=\"description\" content=\"Pom\u00f4\u017ete Mili a jej blogu MiliMundo dosiahnu\u0165 cie\u013e v jej \u010fal\u0161ej dobrodru\u017enej ceste okolo sveta t\u00fdm, \u017ee budete jej sponzorom \u010di partnerom.\" \/>\n<meta name=\"robots\" content=\"index, follow, max-snippet:-1, max-image-preview:large, max-video-preview:-1\" \/>\n<link rel=\"canonical\" href=\"https:\/\/milimundo.com\/partnership-sponsorship-milimundo\/\" \/>\n<meta property=\"og:locale\" content=\"sk_SK\" \/>\n<meta property=\"og:type\" content=\"article\" \/>\n<meta property=\"og:title\" content=\"Spolupr\u00e1ca s cestovate\u013esk\u00fdm blogom MiliMundo\" \/>\n<meta property=\"og:description\" content=\"Pom\u00f4\u017ete Mili a jej blogu MiliMundo dosiahnu\u0165 cie\u013e v jej \u010fal\u0161ej dobrodru\u017enej ceste okolo sveta t\u00fdm, \u017ee budete jej sponzorom \u010di partnerom.\" \/>\n<meta property=\"og:url\" content=\"https:\/\/milimundo.com\/partnership-sponsorship-milimundo\/\" \/>\n<meta property=\"og:site_name\" content=\"MiliMundo\" \/>\n<meta property=\"article:publisher\" content=\"https:\/\/www.facebook.com\/MiliMundo1\/\" \/>\n<meta property=\"article:modified_time\" content=\"2017-10-31T23:56:36+00:00\" \/>\n<meta property=\"og:image\" content=\"https:\/\/milimundo.com\/wp-content\/uploads\/2017\/09\/22052542_10210077930172561_1339479139_n.png\" \/>\n\t<meta property=\"og:image:width\" content=\"960\" \/>\n\t<meta property=\"og:image:height\" content=\"584\" \/>\n\t<meta property=\"og:image:type\" content=\"image\/png\" \/>\n<meta name=\"twitter:card\" content=\"summary_large_image\" \/>\n<meta name=\"twitter:site\" content=\"@mundo_mili\" \/>\n<meta name=\"twitter:label1\" content=\"Predpokladan\u00fd \u010das \u010d\u00edtania\" \/>\n\t<meta name=\"twitter:data1\" content=\"7 min\u00fat\" \/>\n<script type=\"application\/ld+json\" class=\"yoast-schema-graph\">{\"@context\":\"https:\\\/\\\/schema.org\",\"@graph\":[{\"@type\":\"WebPage\",\"@id\":\"https:\\\/\\\/milimundo.com\\\/partnership-sponsorship-milimundo\\\/\",\"url\":\"https:\\\/\\\/milimundo.com\\\/partnership-sponsorship-milimundo\\\/\",\"name\":\"Partnership\\\/Sponsorship with travel blog MiliMundo\",\"isPartOf\":{\"@id\":\"https:\\\/\\\/milimundo.com\\\/#website\"},\"primaryImageOfPage\":{\"@id\":\"https:\\\/\\\/milimundo.com\\\/partnership-sponsorship-milimundo\\\/#primaryimage\"},\"image\":{\"@id\":\"https:\\\/\\\/milimundo.com\\\/partnership-sponsorship-milimundo\\\/#primaryimage\"},\"thumbnailUrl\":\"https:\\\/\\\/milimundo.com\\\/wp-content\\\/uploads\\\/2017\\\/09\\\/22052542_10210077930172561_1339479139_n.png\",\"datePublished\":\"2017-09-25T10:22:36+00:00\",\"dateModified\":\"2017-10-31T23:56:36+00:00\",\"description\":\"Help Mili and her blog MiliMundo achieve its aim in her next adventurous journey around the world by being her partner or sponsor.\",\"breadcrumb\":{\"@id\":\"https:\\\/\\\/milimundo.com\\\/partnership-sponsorship-milimundo\\\/#breadcrumb\"},\"inLanguage\":\"sk-SK\",\"potentialAction\":[{\"@type\":\"ReadAction\",\"target\":[\"https:\\\/\\\/milimundo.com\\\/partnership-sponsorship-milimundo\\\/\"]}]},{\"@type\":\"ImageObject\",\"inLanguage\":\"sk-SK\",\"@id\":\"https:\\\/\\\/milimundo.com\\\/partnership-sponsorship-milimundo\\\/#primaryimage\",\"url\":\"https:\\\/\\\/milimundo.com\\\/wp-content\\\/uploads\\\/2017\\\/09\\\/22052542_10210077930172561_1339479139_n.png\",\"contentUrl\":\"https:\\\/\\\/milimundo.com\\\/wp-content\\\/uploads\\\/2017\\\/09\\\/22052542_10210077930172561_1339479139_n.png\",\"width\":960,\"height\":584},{\"@type\":\"BreadcrumbList\",\"@id\":\"https:\\\/\\\/milimundo.com\\\/partnership-sponsorship-milimundo\\\/#breadcrumb\",\"itemListElement\":[{\"@type\":\"ListItem\",\"position\":1,\"name\":\"Domovsk\u00e1 str\u00e1nka\",\"item\":\"https:\\\/\\\/milimundo.com\\\/\"},{\"@type\":\"ListItem\",\"position\":2,\"name\":\"Partnership with travel blog MiliMundo\"}]},{\"@type\":\"WebSite\",\"@id\":\"https:\\\/\\\/milimundo.com\\\/#website\",\"url\":\"https:\\\/\\\/milimundo.com\\\/\",\"name\":\"MiliMundo\",\"description\":\"Ako cestova\u0165 bezpe\u010dne a dobrodru\u017ene z\u00e1rove\u0148\",\"publisher\":{\"@id\":\"https:\\\/\\\/milimundo.com\\\/#\\\/schema\\\/person\\\/f8bcf013de39e7d446a379de4ead75ec\"},\"potentialAction\":[{\"@type\":\"SearchAction\",\"target\":{\"@type\":\"EntryPoint\",\"urlTemplate\":\"https:\\\/\\\/milimundo.com\\\/?s={search_term_string}\"},\"query-input\":{\"@type\":\"PropertyValueSpecification\",\"valueRequired\":true,\"valueName\":\"search_term_string\"}}],\"inLanguage\":\"sk-SK\"},{\"@type\":[\"Person\",\"Organization\"],\"@id\":\"https:\\\/\\\/milimundo.com\\\/#\\\/schema\\\/person\\\/f8bcf013de39e7d446a379de4ead75ec\",\"name\":\"Mili\",\"image\":{\"@type\":\"ImageObject\",\"inLanguage\":\"sk-SK\",\"@id\":\"https:\\\/\\\/milimundo.com\\\/wp-content\\\/uploads\\\/2019\\\/08\\\/IMG-20190724-WA0001.jpg\",\"url\":\"https:\\\/\\\/milimundo.com\\\/wp-content\\\/uploads\\\/2019\\\/08\\\/IMG-20190724-WA0001.jpg\",\"contentUrl\":\"https:\\\/\\\/milimundo.com\\\/wp-content\\\/uploads\\\/2019\\\/08\\\/IMG-20190724-WA0001.jpg\",\"width\":1600,\"height\":1068,\"caption\":\"Mili\"},\"logo\":{\"@id\":\"https:\\\/\\\/milimundo.com\\\/wp-content\\\/uploads\\\/2019\\\/08\\\/IMG-20190724-WA0001.jpg\"},\"sameAs\":[\"http:\\\/\\\/milimundo.com\\\/\",\"https:\\\/\\\/www.facebook.com\\\/MiliMundo1\\\/\",\"https:\\\/\\\/www.instagram.com\\\/mili_mundo\\\/\",\"https:\\\/\\\/www.linkedin.com\\\/in\\\/milada-konecna-7a58b467\\\/\",\"https:\\\/\\\/x.com\\\/mundo_mili\",\"https:\\\/\\\/www.youtube.com\\\/channel\\\/UCgzrmRtNlfiAX25YeBC6O2w\"]}]}<\/script>\n<!-- \/ Yoast SEO plugin. -->","yoast_head_json":{"title":"Spolupr\u00e1ca s cestovate\u013esk\u00fdm blogom MiliMundo","description":"Pom\u00f4\u017ete Mili a jej blogu MiliMundo dosiahnu\u0165 cie\u013e v jej \u010fal\u0161ej dobrodru\u017enej ceste okolo sveta t\u00fdm, \u017ee budete jej sponzorom \u010di partnerom.","robots":{"index":"index","follow":"follow","max-snippet":"max-snippet:-1","max-image-preview":"max-image-preview:large","max-video-preview":"max-video-preview:-1"},"canonical":"https:\/\/milimundo.com\/partnership-sponsorship-milimundo\/","og_locale":"sk_SK","og_type":"article","og_title":"Spolupr\u00e1ca s cestovate\u013esk\u00fdm blogom MiliMundo","og_description":"Pom\u00f4\u017ete Mili a jej blogu MiliMundo dosiahnu\u0165 cie\u013e v jej \u010fal\u0161ej dobrodru\u017enej ceste okolo sveta t\u00fdm, \u017ee budete jej sponzorom \u010di partnerom.","og_url":"https:\/\/milimundo.com\/partnership-sponsorship-milimundo\/","og_site_name":"MiliMundo","article_publisher":"https:\/\/www.facebook.com\/MiliMundo1\/","article_modified_time":"2017-10-31T23:56:36+00:00","og_image":[{"width":960,"height":584,"url":"https:\/\/milimundo.com\/wp-content\/uploads\/2017\/09\/22052542_10210077930172561_1339479139_n.png","type":"image\/png"}],"twitter_card":"summary_large_image","twitter_site":"@mundo_mili","twitter_misc":{"Predpokladan\u00fd \u010das \u010d\u00edtania":"7 min\u00fat"},"schema":{"@context":"https:\/\/schema.org","@graph":[{"@type":"WebPage","@id":"https:\/\/milimundo.com\/partnership-sponsorship-milimundo\/","url":"https:\/\/milimundo.com\/partnership-sponsorship-milimundo\/","name":"Partnership\/Sponsorship with travel blog MiliMundo","isPartOf":{"@id":"https:\/\/milimundo.com\/#website"},"primaryImageOfPage":{"@id":"https:\/\/milimundo.com\/partnership-sponsorship-milimundo\/#primaryimage"},"image":{"@id":"https:\/\/milimundo.com\/partnership-sponsorship-milimundo\/#primaryimage"},"thumbnailUrl":"https:\/\/milimundo.com\/wp-content\/uploads\/2017\/09\/22052542_10210077930172561_1339479139_n.png","datePublished":"2017-09-25T10:22:36+00:00","dateModified":"2017-10-31T23:56:36+00:00","description":"Help Mili and her blog MiliMundo achieve its aim in her next adventurous journey around the world by being her partner or sponsor.","breadcrumb":{"@id":"https:\/\/milimundo.com\/partnership-sponsorship-milimundo\/#breadcrumb"},"inLanguage":"sk-SK","potentialAction":[{"@type":"ReadAction","target":["https:\/\/milimundo.com\/partnership-sponsorship-milimundo\/"]}]},{"@type":"ImageObject","inLanguage":"sk-SK","@id":"https:\/\/milimundo.com\/partnership-sponsorship-milimundo\/#primaryimage","url":"https:\/\/milimundo.com\/wp-content\/uploads\/2017\/09\/22052542_10210077930172561_1339479139_n.png","contentUrl":"https:\/\/milimundo.com\/wp-content\/uploads\/2017\/09\/22052542_10210077930172561_1339479139_n.png","width":960,"height":584},{"@type":"BreadcrumbList","@id":"https:\/\/milimundo.com\/partnership-sponsorship-milimundo\/#breadcrumb","itemListElement":[{"@type":"ListItem","position":1,"name":"Domovsk\u00e1 str\u00e1nka","item":"https:\/\/milimundo.com\/"},{"@type":"ListItem","position":2,"name":"Partnership with travel blog MiliMundo"}]},{"@type":"WebSite","@id":"https:\/\/milimundo.com\/#website","url":"https:\/\/milimundo.com\/","name":"MiliMundo","description":"Ako cestova\u0165 bezpe\u010dne a dobrodru\u017ene z\u00e1rove\u0148","publisher":{"@id":"https:\/\/milimundo.com\/#\/schema\/person\/f8bcf013de39e7d446a379de4ead75ec"},"potentialAction":[{"@type":"SearchAction","target":{"@type":"EntryPoint","urlTemplate":"https:\/\/milimundo.com\/?s={search_term_string}"},"query-input":{"@type":"PropertyValueSpecification","valueRequired":true,"valueName":"search_term_string"}}],"inLanguage":"sk-SK"},{"@type":["Person","Organization"],"@id":"https:\/\/milimundo.com\/#\/schema\/person\/f8bcf013de39e7d446a379de4ead75ec","name":"Mili","image":{"@type":"ImageObject","inLanguage":"sk-SK","@id":"https:\/\/milimundo.com\/wp-content\/uploads\/2019\/08\/IMG-20190724-WA0001.jpg","url":"https:\/\/milimundo.com\/wp-content\/uploads\/2019\/08\/IMG-20190724-WA0001.jpg","contentUrl":"https:\/\/milimundo.com\/wp-content\/uploads\/2019\/08\/IMG-20190724-WA0001.jpg","width":1600,"height":1068,"caption":"Mili"},"logo":{"@id":"https:\/\/milimundo.com\/wp-content\/uploads\/2019\/08\/IMG-20190724-WA0001.jpg"},"sameAs":["http:\/\/milimundo.com\/","https:\/\/www.facebook.com\/MiliMundo1\/","https:\/\/www.instagram.com\/mili_mundo\/","https:\/\/www.linkedin.com\/in\/milada-konecna-7a58b467\/","https:\/\/x.com\/mundo_mili","https:\/\/www.youtube.com\/channel\/UCgzrmRtNlfiAX25YeBC6O2w"]}]}},"jetpack_sharing_enabled":true,"post_mailing_queue_ids":[],"_links":{"self":[{"href":"https:\/\/milimundo.com\/sk\/wp-json\/wp\/v2\/pages\/1728","targetHints":{"allow":["GET"]}}],"collection":[{"href":"https:\/\/milimundo.com\/sk\/wp-json\/wp\/v2\/pages"}],"about":[{"href":"https:\/\/milimundo.com\/sk\/wp-json\/wp\/v2\/types\/page"}],"author":[{"embeddable":true,"href":"https:\/\/milimundo.com\/sk\/wp-json\/wp\/v2\/users\/1"}],"replies":[{"embeddable":true,"href":"https:\/\/milimundo.com\/sk\/wp-json\/wp\/v2\/comments?post=1728"}],"version-history":[{"count":6,"href":"https:\/\/milimundo.com\/sk\/wp-json\/wp\/v2\/pages\/1728\/revisions"}],"predecessor-version":[{"id":2037,"href":"https:\/\/milimundo.com\/sk\/wp-json\/wp\/v2\/pages\/1728\/revisions\/2037"}],"wp:featuredmedia":[{"embeddable":true,"href":"https:\/\/milimundo.com\/sk\/wp-json\/wp\/v2\/media\/1765"}],"wp:attachment":[{"href":"https:\/\/milimundo.com\/sk\/wp-json\/wp\/v2\/media?parent=1728"}],"curies":[{"name":"wp","href":"https:\/\/api.w.org\/{rel}","templated":true}]}}