{"id":13470,"date":"2019-04-18T08:47:29","date_gmt":"2019-04-18T06:47:29","guid":{"rendered":"https:\/\/milimundo.com\/?page_id=13470"},"modified":"2019-12-11T12:02:57","modified_gmt":"2019-12-11T10:02:57","slug":"public-speaking","status":"publish","type":"page","link":"https:\/\/milimundo.com\/sk\/partnership-sponsorship-milimundo\/public-speaking\/","title":{"rendered":"Predn\u00e1\u0161anie o cestovan\u00ed"},"content":{"rendered":"<h1 style=\"text-align: center;\"><strong>PREDN\u00c1\u0160ANIE O CESTOVAN\u00cd<\/strong><\/h1>\n<p style=\"text-align: center;\"><strong>Potrebujete motiva\u010dn\u00e9ho re\u010dn\u00edka? O cestovan\u00ed? O dobrodru\u017estv\u00e1ch? O s\u00f3lo cestovan\u00ed? Neh\u013eadajte \u010falej. Pr\u00e1ve ste na\u0161li t\u00fa spr\u00e1vnu osobu. <\/strong><\/p>\n<p style=\"text-align: center;\">S cestovan\u00edm ako aj s predn\u00e1\u0161an\u00edm o cestovan\u00ed m\u00e1m nieko\u013ekoro\u010dn\u00e9 sk\u00fasenosti. V\u010faka festivalu <a href=\"https:\/\/www.cestounecestou.sk\/\" target=\"_blank\" rel=\"noopener noreferrer\"><strong>Cestou Necestou<\/strong><\/a> som precestovala v\u00e4\u010d\u0161inu miest Slovenska a predn\u00e1\u0161ala o mojich cest\u00e1ch naprie\u010d Latinskou Amerikou. V Prahe som predn\u00e1\u0161ala na festivale <a href=\"http:\/\/kolemsveta.cz\/\" target=\"_blank\" rel=\"noopener noreferrer\"><strong>Kolem Sveta<\/strong><\/a> a v Ko\u0161iciach v nieko\u013ek\u00fdch kaviar\u0148ach ako <a href=\"https:\/\/www.facebook.com\/events\/326583574812721\/\" target=\"_blank\" rel=\"noopener noreferrer\"><strong>\u010cavango<\/strong><\/a> \u010di <a href=\"https:\/\/www.facebook.com\/events\/409945989760931\/\" target=\"_blank\" rel=\"noopener noreferrer\"><strong>Halmi Cafe<\/strong><\/a>. O mojom cestovan\u00ed spravili rozhovor v ko\u0161ick\u00fdch <a href=\"http:\/\/zajtrajsienoviny.sk\/2019\/04\/necakajte-ze-autobus-pride-nacas-ulice-budu-pomenovane-a-odpadkove-kose-najdete-na-kazdom-kroku-plany-v-strednej-amerike-nie-vzdy-funguju-a-na-to-treba-byt-pripraveny\/\" target=\"_blank\" rel=\"noopener noreferrer\"><strong>Zajtraj\u0161\u00edch Novin\u00e1ch<\/strong><\/a>, v magaz\u00edne <strong>B\u00e1je\u010dn\u00e1 \u017eena, <\/strong>na str\u00e1nke <a href=\"https:\/\/fici.sme.sk\/c\/20704669\/ako-moze-zena-sama-cestovat-lacno-bezpecne-a-dobrodruzne.html\" target=\"_blank\" rel=\"noopener noreferrer\"><strong>Fici.sk<\/strong><\/a> \u010di <a href=\"http:\/\/www.dobrodruh.sk\/amerika\/sama-napriec-juznou-amerikou\" target=\"_blank\" rel=\"noopener noreferrer\"><strong>Dobrodruh.sk<\/strong><\/a>. Ak si chcete prezrie\u0165 kr\u00e1tku <a href=\"https:\/\/www.youtube.com\/watch?v=FHkAdBaBNac&amp;feature=youtu.be\" target=\"_blank\" rel=\"noopener noreferrer\"><strong>report\u00e1\u017e o mojej ceste naprie\u010d Ju\u017enou Amerikou z reflexu<\/strong><\/a>, klikajte <a href=\"https:\/\/www.youtube.com\/watch?v=FHkAdBaBNac&amp;feature=youtu.be\" target=\"_blank\" rel=\"noopener noreferrer\"><strong>TU<\/strong><\/a>.<\/p><div id=\"milim-659381470\" class=\"milim-content milim-entity-placement\"><script async src=\"https:\/\/pagead2.googlesyndication.com\/pagead\/js\/adsbygoogle.js?client=ca-pub-1751154357200980\"\r\n     crossorigin=\"anonymous\"><\/script><\/div>\n<p style=\"text-align: center;\"><a href=\"https:\/\/www.youtube.com\/watch?v=FHkAdBaBNac&amp;feature=youtu.be\"><img loading=\"lazy\" decoding=\"async\" class=\"aligncenter wp-image-13476 size-large\" src=\"https:\/\/milimundo.com\/wp-content\/uploads\/2019\/04\/IMG_20171019_114520-1024x768.jpg\" alt=\"\" width=\"1024\" height=\"768\" srcset=\"https:\/\/milimundo.com\/wp-content\/uploads\/2019\/04\/IMG_20171019_114520-1024x768.jpg 1024w, https:\/\/milimundo.com\/wp-content\/uploads\/2019\/04\/IMG_20171019_114520-600x450.jpg 600w, https:\/\/milimundo.com\/wp-content\/uploads\/2019\/04\/IMG_20171019_114520-300x225.jpg 300w, https:\/\/milimundo.com\/wp-content\/uploads\/2019\/04\/IMG_20171019_114520-768x576.jpg 768w, https:\/\/milimundo.com\/wp-content\/uploads\/2019\/04\/IMG_20171019_114520.jpg 1200w\" sizes=\"auto, (max-width: 1024px) 100vw, 1024px\" \/><\/a><\/p>\n<h2 style=\"text-align: center;\"><strong>T\u00c9MY PREDN\u00c1\u0160ANIA<\/strong><\/h2>\n<ul style=\"text-align: center;\">\n<li>Sama naprie\u010d Ju\u017enou Amerikou<\/li>\n<li>Sama naprie\u010d Strednou Amerikou<\/li>\n<li>3 t\u00fd\u017edne na Filip\u00ednach<\/li>\n<li>Working Holiday v\u00edza a \u017eivot v Kanade<\/li>\n<li>Tipy a triky pre bezpe\u010dn\u00e9, dobrodru\u017en\u00e9, s\u00f3lo cestovanie<\/li>\n<\/ul>\n<p style=\"text-align: center;\"><strong>&#8211; s\u00fa\u010das\u0165ou predn\u00e1\u0161ania je prezentovanie vlastn\u00fdch fotografi\u00ed, z\u00e1\u017eitkov a sk\u00fasenost\u00ed nazbieran\u00fdch na cest\u00e1ch po svete<\/strong><\/p>\n<h2 style=\"text-align: center;\"><strong>D\u0139\u017dKA PREDN\u00c1\u0160KY<\/strong><\/h2>\n<p style=\"text-align: center;\">60 min\u00fa\u0165 predn\u00e1\u0161ania + extra 30 min\u00fat na ot\u00e1zky a odpovede.<\/p>\n<h1 style=\"text-align: center;\"><strong>CENN\u00cdK<\/strong><\/h1>\n<p style=\"text-align: center;\"><span style=\"color: #ff0000;\"><strong>1 t\u00e9ma = polovica z nazbieran\u00e9ho vstupn\u00e9ho (min. 50 eur)<\/strong><\/span><\/p>\n<blockquote>\n<p style=\"text-align: center;\"><strong>V pr\u00edpade z\u00e1ujmu ma kontaktujte mailom cez milimundo88@gmail.com u\u017e s vybranou t\u00e9mou alebo sa informujte o mo\u017enosti \u010fal\u0161\u00edch t\u00e9m predn\u00e1\u0161ania. \u00a0<\/strong><\/p>\n<\/blockquote>\n<figure id=\"attachment_13479\" aria-describedby=\"caption-attachment-13479\" style=\"width: 1024px\" class=\"wp-caption aligncenter\"><img loading=\"lazy\" decoding=\"async\" class=\"wp-image-13479 size-large\" src=\"https:\/\/milimundo.com\/wp-content\/uploads\/2019\/04\/IMG_2526-LR-2-1024x683.jpg\" alt=\"\" width=\"1024\" height=\"683\" srcset=\"https:\/\/milimundo.com\/wp-content\/uploads\/2019\/04\/IMG_2526-LR-2-1024x683.jpg 1024w, https:\/\/milimundo.com\/wp-content\/uploads\/2019\/04\/IMG_2526-LR-2-600x400.jpg 600w, https:\/\/milimundo.com\/wp-content\/uploads\/2019\/04\/IMG_2526-LR-2-300x200.jpg 300w, https:\/\/milimundo.com\/wp-content\/uploads\/2019\/04\/IMG_2526-LR-2-768x512.jpg 768w, https:\/\/milimundo.com\/wp-content\/uploads\/2019\/04\/IMG_2526-LR-2-720x480.jpg 720w, https:\/\/milimundo.com\/wp-content\/uploads\/2019\/04\/IMG_2526-LR-2-840x560.jpg 840w, https:\/\/milimundo.com\/wp-content\/uploads\/2019\/04\/IMG_2526-LR-2-420x280.jpg 420w, https:\/\/milimundo.com\/wp-content\/uploads\/2019\/04\/IMG_2526-LR-2.jpg 1200w\" sizes=\"auto, (max-width: 1024px) 100vw, 1024px\" \/><figcaption id=\"caption-attachment-13479\" class=\"wp-caption-text\">Predn\u00e1\u0161anie pre STOPA v Seredi<\/figcaption><\/figure>\n<figure id=\"attachment_13478\" aria-describedby=\"caption-attachment-13478\" style=\"width: 1024px\" class=\"wp-caption aligncenter\"><img loading=\"lazy\" decoding=\"async\" class=\"wp-image-13478 size-large\" src=\"https:\/\/milimundo.com\/wp-content\/uploads\/2019\/04\/DSC_0707-1024x681.png\" alt=\"\" width=\"1024\" height=\"681\" srcset=\"https:\/\/milimundo.com\/wp-content\/uploads\/2019\/04\/DSC_0707-1024x681.png 1024w, https:\/\/milimundo.com\/wp-content\/uploads\/2019\/04\/DSC_0707-600x399.png 600w, https:\/\/milimundo.com\/wp-content\/uploads\/2019\/04\/DSC_0707-300x200.png 300w, https:\/\/milimundo.com\/wp-content\/uploads\/2019\/04\/DSC_0707-768x511.png 768w, https:\/\/milimundo.com\/wp-content\/uploads\/2019\/04\/DSC_0707-720x480.png 720w, https:\/\/milimundo.com\/wp-content\/uploads\/2019\/04\/DSC_0707.png 1200w\" sizes=\"auto, (max-width: 1024px) 100vw, 1024px\" \/><figcaption id=\"caption-attachment-13478\" class=\"wp-caption-text\">Predn\u00e1\u0161ka na univerzite v Nitre pre Rozcestuj sa \ud83d\ude42<\/figcaption><\/figure>\n<figure id=\"attachment_13477\" aria-describedby=\"caption-attachment-13477\" style=\"width: 960px\" class=\"wp-caption aligncenter\"><img loading=\"lazy\" decoding=\"async\" class=\"wp-image-13477 size-full\" src=\"https:\/\/milimundo.com\/wp-content\/uploads\/2019\/04\/16730283_1795194084138270_4158035578533765621_n.jpg\" alt=\"\" width=\"960\" height=\"640\" srcset=\"https:\/\/milimundo.com\/wp-content\/uploads\/2019\/04\/16730283_1795194084138270_4158035578533765621_n.jpg 960w, https:\/\/milimundo.com\/wp-content\/uploads\/2019\/04\/16730283_1795194084138270_4158035578533765621_n-600x400.jpg 600w, https:\/\/milimundo.com\/wp-content\/uploads\/2019\/04\/16730283_1795194084138270_4158035578533765621_n-300x200.jpg 300w, https:\/\/milimundo.com\/wp-content\/uploads\/2019\/04\/16730283_1795194084138270_4158035578533765621_n-768x512.jpg 768w, https:\/\/milimundo.com\/wp-content\/uploads\/2019\/04\/16730283_1795194084138270_4158035578533765621_n-720x480.jpg 720w\" sizes=\"auto, (max-width: 960px) 100vw, 960px\" \/><figcaption id=\"caption-attachment-13477\" class=\"wp-caption-text\">Predn\u00e1\u0161anie v Bratislave pre Dobrodruh.sk pre 250 \u013eud\u00ed<\/figcaption><\/figure>\n<h2 style=\"text-align: center;\"><strong>REFERENCIE &amp; ODOZVY<\/strong><\/h2>\n<p>&nbsp;<\/p>\n<blockquote>\n<p style=\"text-align: center;\">Mili sme si pozvali predn\u00e1\u0161a\u0165 pre \u0161tudnetov vysokej \u0161koly v Nitre v r\u00e1mci cestovate\u013esk\u00e9ho projektu Rozcestuj sa. Predn\u00e1\u0161an\u00e1 t\u00e9ma Sama naprie\u010d Ju\u017enou Amerikou, bola zauj\u00edmava z ka\u017ed\u00e9ho poh\u013eadu. \u00da\u010dastn\u00edci sa dozvedeli nie len z\u00e1\u017eitky, ktor\u00e9 Mili za\u017eila, ale aj ve\u013ea tipov a r\u00e1d, ktor\u00e9 pom\u00f4\u017eu ka\u017ed\u00e9mu cestovate\u013eovi. Ako koordin\u00e1tor projektu m\u00f4\u017eem poveda\u0165, \u017ee Mili je ve\u013emi pr\u00edjemn\u00e1 osoba, s ktorou je ka\u017ed\u00e1 komunik\u00e1cia pr\u00edjemn\u00e1, dodr\u017eala v\u0161etko na \u010dom sme sa dohodli. Odpor\u00fa\u010dam nav\u0161t\u00edvi\u0165 jej predn\u00e1\u0161ky.<br \/>\nStanislav Farka\u0161 &#8211; koordin\u00e1tor projektu Rozcestuj sa<\/p>\n<\/blockquote>\n<p>&nbsp;<\/p>\n<blockquote>\n<p style=\"text-align: center;\">S\u00fa\u010das\u0165ou projektu Rozcestuj sa bola aj predn\u00e1\u0161ka cestovate\u013eky Mili s n\u00e1vzom Sama naprie\u010d Ju\u017enou Amerikou. Ka\u017ed\u00e9mu m\u00f4\u017eem odpor\u00fa\u010di\u0165 cestovate\u013esk\u00e9 predn\u00e1\u0161ky od Mili. Ak hlad\u00e1\u0161 in\u0161pir\u00e1ciu pre s\u00f3lo cestovanie a \u017eivotn\u00e9 pr\u00edbehy \u013eud\u00ed na cest\u00e1ch, tak by si nemal vynecha\u0165 v\u0161etky jej cestovate\u013esk\u00e9 predn\u00e1\u0161ky. Predn\u00e1\u0161ky ti nielen uk\u00e1\u017eku, ako cestova\u0165 low cost a za\u017ei\u0165 ve\u013ea z\u00e1\u017eitkov na cest\u00e1ch, ale nahliadnu aj do \u017eivota lok\u00e1lnych obyvate\u013eov a ich ka\u017edodenn\u00fd \u017eivot v danej krajine.<\/p>\n<p style=\"text-align: center;\">Boris Hlinka<\/p>\n<\/blockquote>\n<p>&nbsp;<\/p>\n<blockquote>\n<p style=\"text-align: center;\">Ahoj Mili, pred p\u00e1r d\u0148ami som bol na Tvojej predn\u00e1\u0161ke o Lat. Amerike (v \u010dajovni v KE). Aj po nieko\u013ek\u00fdch d\u0148och vo mne zostal super pocit <img decoding=\"async\" class=\"_1ift _2560 img\" src=\"https:\/\/static.xx.fbcdn.net\/images\/emoji.php\/v9\/t4c\/1\/16\/1f642.png\" alt=\"?\" \/> Som r\u00e1d, \u017ee som \u0164a mohol spozna\u0165, aj ke\u010f iba nepriamo. Som r\u00e1d, ak stretnem os\u00f4bku, ktor\u00e1 m\u00e1 pr\u00edjemn\u00e9 &#8220;fluidium&#8221;. Dr\u017e\u00edm prsty pri \u010fal\u0161\u00edch z\u00e1\u017eitkoch<span class=\"_3oh- _58nk\"><img decoding=\"async\" class=\"_1ift _2560 img aligncenter\" src=\"https:\/\/static.xx.fbcdn.net\/images\/emoji.php\/v9\/t4c\/1\/16\/1f642.png\" alt=\"?\" \/><\/span><\/p>\n<p style=\"text-align: center;\">\u013dubo \u010c.<\/p>\n<\/blockquote>\n<p>&nbsp;<\/p>\n<blockquote>\n<p style=\"text-align: center;\">Ahoj Mili, mozno si ma pamatas bola som na tvojej prednaske v Nitre a bavili sme sa o vizach do Kanady. Este raz dakujem za prednasku bolo to velmi inspirujuce a prijemne. \ud83d\ude42<br \/>\nNech sa ti nadalej dari! Pekny dnik prajem.<br \/>\nSimona Lipt\u00e1kov\u00e1<\/p>\n<\/blockquote>\n<p>&nbsp;<\/p>\n<blockquote>\n<p style=\"text-align: center;\">Ahoj Milli, p\u00ed\u0161em ti len preto lebo ti chcem vzda\u0165 pochvalu. Prv\u00fd kr\u00e1t som o tebe po\u010dula na cestovate\u013eskom festivale v BB, odvtedy pravidelne sledujem tvoj blog. P\u00e1\u010di sa mi tvoja nesp\u00fatanos\u0165 a vo\u013enos\u0165, ktor\u00fa si dok\u00e1zala vlo\u017ei\u0165 do be\u017en\u00e9ho \u017eivota a za\u010da\u0165 tak \u017ei\u0165 takto ak\u010dne a dobrodru\u017ene. Si m\u00f4j ve\u013ek\u00fd vzor, motivuje\u0161 ma k \u0161t\u00fadiu jazykov, k tvrdej pr\u00e1ci pre na\u0161porenie penia\u017ekov na cesty, u\u017e mi treba len z\u00edska\u0165 odhodlanie ako m\u00e1\u0161 ty. Chcem ti popria\u0165 \u0161\u0165astie na tvojich cest\u00e1ch ,nech sa ti dar\u00ed<\/p>\n<p style=\"text-align: center;\">Veronika Mat\u00fa\u0161kov\u00e1<\/p>\n<\/blockquote>\n<p>&nbsp;<\/p>\n<blockquote>\n<p style=\"text-align: center;\">Mili je jedno odv\u00e1\u017ene a pozit\u00edvne naladen\u00e9 \u017eiena. Na predn\u00e1\u0161ke Sama naprie\u010d Strednou Amerikou ma vtiahla svojim zauj\u00edmav\u00fdm rozpravan\u00edm, pr\u00edbehmi na kr\u00e1sne miesta, ktor\u00e9 precestovala. Ur\u010dite rada p\u00f4jdem aj nejak\u00fa dal\u0161iu in\u0161piruj\u00facu predn\u00e1\u0161ku.<br \/>\nPatr\u00edcia Havrilov\u00e1<\/p>\n<\/blockquote>\n","protected":false},"excerpt":{"rendered":"<p>PREDN\u00c1\u0160ANIE O CESTOVAN\u00cd Potrebujete motiva\u010dn\u00e9ho re\u010dn\u00edka? O cestovan\u00ed? O dobrodru\u017estv\u00e1ch? O s\u00f3lo cestovan\u00ed? Neh\u013eadajte \u010falej. Pr\u00e1ve ste na\u0161li t\u00fa spr\u00e1vnu osobu. S cestovan\u00edm ako aj s predn\u00e1\u0161an\u00edm o cestovan\u00ed m\u00e1m nieko\u013ekoro\u010dn\u00e9 sk\u00fasenosti. V\u010faka festivalu Cestou Necestou som precestovala v\u00e4\u010d\u0161inu miest &hellip; <a class=\"kt-excerpt-readmore more-link\" href=\"https:\/\/milimundo.com\/sk\/partnership-sponsorship-milimundo\/public-speaking\/\">Read More<\/a><\/p>\n","protected":false},"author":1,"featured_media":13479,"parent":1728,"menu_order":0,"comment_status":"closed","ping_status":"closed","template":"","meta":{"footnotes":""},"class_list":["post-13470","page","type-page","status-publish","has-post-thumbnail","hentry"],"translation":{"provider":"WPGlobus","version":"3.0.2","language":"sk","enabled_languages":["en","sk"],"languages":{"en":{"title":true,"content":true,"excerpt":false},"sk":{"title":true,"content":true,"excerpt":false}}},"yoast_head":"<!-- This site is optimized with the Yoast SEO plugin v27.3 - https:\/\/yoast.com\/product\/yoast-seo-wordpress\/ -->\n<title>Predn\u00e1\u0161anie o cestovan\u00ed - MiliMundo<\/title>\n<meta name=\"robots\" content=\"index, follow, max-snippet:-1, max-image-preview:large, max-video-preview:-1\" \/>\n<link rel=\"canonical\" href=\"https:\/\/milimundo.com\/partnership-sponsorship-milimundo\/public-speaking\/\" \/>\n<meta property=\"og:locale\" content=\"sk_SK\" \/>\n<meta property=\"og:type\" content=\"article\" \/>\n<meta property=\"og:title\" content=\"Predn\u00e1\u0161anie o cestovan\u00ed - MiliMundo\" \/>\n<meta property=\"og:url\" content=\"https:\/\/milimundo.com\/partnership-sponsorship-milimundo\/public-speaking\/\" \/>\n<meta property=\"og:site_name\" content=\"MiliMundo\" \/>\n<meta property=\"article:publisher\" content=\"https:\/\/www.facebook.com\/MiliMundo1\/\" \/>\n<meta property=\"article:modified_time\" content=\"2019-12-11T10:02:57+00:00\" \/>\n<meta property=\"og:image\" content=\"https:\/\/milimundo.com\/wp-content\/uploads\/2019\/04\/IMG_2526-LR-2.jpg\" \/>\n\t<meta property=\"og:image:width\" content=\"1200\" \/>\n\t<meta property=\"og:image:height\" content=\"800\" \/>\n\t<meta property=\"og:image:type\" content=\"image\/jpeg\" \/>\n<meta name=\"twitter:card\" content=\"summary_large_image\" \/>\n<meta name=\"twitter:site\" content=\"@mundo_mili\" \/>\n<meta name=\"twitter:label1\" content=\"Predpokladan\u00fd \u010das \u010d\u00edtania\" \/>\n\t<meta name=\"twitter:data1\" content=\"5 min\u00fat\" \/>\n<script type=\"application\/ld+json\" class=\"yoast-schema-graph\">{\"@context\":\"https:\\\/\\\/schema.org\",\"@graph\":[{\"@type\":\"WebPage\",\"@id\":\"https:\\\/\\\/milimundo.com\\\/partnership-sponsorship-milimundo\\\/public-speaking\\\/\",\"url\":\"https:\\\/\\\/milimundo.com\\\/partnership-sponsorship-milimundo\\\/public-speaking\\\/\",\"name\":\"Predn\u00e1\u0161anie o cestovan\u00ed - MiliMundo\",\"isPartOf\":{\"@id\":\"https:\\\/\\\/milimundo.com\\\/#website\"},\"primaryImageOfPage\":{\"@id\":\"https:\\\/\\\/milimundo.com\\\/partnership-sponsorship-milimundo\\\/public-speaking\\\/#primaryimage\"},\"image\":{\"@id\":\"https:\\\/\\\/milimundo.com\\\/partnership-sponsorship-milimundo\\\/public-speaking\\\/#primaryimage\"},\"thumbnailUrl\":\"https:\\\/\\\/milimundo.com\\\/wp-content\\\/uploads\\\/2019\\\/04\\\/IMG_2526-LR-2.jpg\",\"datePublished\":\"2019-04-18T06:47:29+00:00\",\"dateModified\":\"2019-12-11T10:02:57+00:00\",\"description\":\"{:en}PUBLIC SPEAKING Do you need inspirational speakers at your venue? Speakers about travelling? About adventures? Solo female backpacking? Don\u00b4t worry.\",\"breadcrumb\":{\"@id\":\"https:\\\/\\\/milimundo.com\\\/partnership-sponsorship-milimundo\\\/public-speaking\\\/#breadcrumb\"},\"inLanguage\":\"sk-SK\",\"potentialAction\":[{\"@type\":\"ReadAction\",\"target\":[\"https:\\\/\\\/milimundo.com\\\/partnership-sponsorship-milimundo\\\/public-speaking\\\/\"]}]},{\"@type\":\"ImageObject\",\"inLanguage\":\"sk-SK\",\"@id\":\"https:\\\/\\\/milimundo.com\\\/partnership-sponsorship-milimundo\\\/public-speaking\\\/#primaryimage\",\"url\":\"https:\\\/\\\/milimundo.com\\\/wp-content\\\/uploads\\\/2019\\\/04\\\/IMG_2526-LR-2.jpg\",\"contentUrl\":\"https:\\\/\\\/milimundo.com\\\/wp-content\\\/uploads\\\/2019\\\/04\\\/IMG_2526-LR-2.jpg\",\"width\":1200,\"height\":800},{\"@type\":\"BreadcrumbList\",\"@id\":\"https:\\\/\\\/milimundo.com\\\/partnership-sponsorship-milimundo\\\/public-speaking\\\/#breadcrumb\",\"itemListElement\":[{\"@type\":\"ListItem\",\"position\":1,\"name\":\"Domovsk\u00e1 str\u00e1nka\",\"item\":\"https:\\\/\\\/milimundo.com\\\/\"},{\"@type\":\"ListItem\",\"position\":2,\"name\":\"Partnership with travel blog MiliMundo\",\"item\":\"https:\\\/\\\/milimundo.com\\\/partnership-sponsorship-milimundo\\\/\"},{\"@type\":\"ListItem\",\"position\":3,\"name\":\"Public Speaking\"}]},{\"@type\":\"WebSite\",\"@id\":\"https:\\\/\\\/milimundo.com\\\/#website\",\"url\":\"https:\\\/\\\/milimundo.com\\\/\",\"name\":\"MiliMundo\",\"description\":\"Ako cestova\u0165 bezpe\u010dne a dobrodru\u017ene z\u00e1rove\u0148\",\"publisher\":{\"@id\":\"https:\\\/\\\/milimundo.com\\\/#\\\/schema\\\/person\\\/f8bcf013de39e7d446a379de4ead75ec\"},\"potentialAction\":[{\"@type\":\"SearchAction\",\"target\":{\"@type\":\"EntryPoint\",\"urlTemplate\":\"https:\\\/\\\/milimundo.com\\\/?s={search_term_string}\"},\"query-input\":{\"@type\":\"PropertyValueSpecification\",\"valueRequired\":true,\"valueName\":\"search_term_string\"}}],\"inLanguage\":\"sk-SK\"},{\"@type\":[\"Person\",\"Organization\"],\"@id\":\"https:\\\/\\\/milimundo.com\\\/#\\\/schema\\\/person\\\/f8bcf013de39e7d446a379de4ead75ec\",\"name\":\"Mili\",\"image\":{\"@type\":\"ImageObject\",\"inLanguage\":\"sk-SK\",\"@id\":\"https:\\\/\\\/milimundo.com\\\/wp-content\\\/uploads\\\/2019\\\/08\\\/IMG-20190724-WA0001.jpg\",\"url\":\"https:\\\/\\\/milimundo.com\\\/wp-content\\\/uploads\\\/2019\\\/08\\\/IMG-20190724-WA0001.jpg\",\"contentUrl\":\"https:\\\/\\\/milimundo.com\\\/wp-content\\\/uploads\\\/2019\\\/08\\\/IMG-20190724-WA0001.jpg\",\"width\":1600,\"height\":1068,\"caption\":\"Mili\"},\"logo\":{\"@id\":\"https:\\\/\\\/milimundo.com\\\/wp-content\\\/uploads\\\/2019\\\/08\\\/IMG-20190724-WA0001.jpg\"},\"sameAs\":[\"http:\\\/\\\/milimundo.com\\\/\",\"https:\\\/\\\/www.facebook.com\\\/MiliMundo1\\\/\",\"https:\\\/\\\/www.instagram.com\\\/mili_mundo\\\/\",\"https:\\\/\\\/www.linkedin.com\\\/in\\\/milada-konecna-7a58b467\\\/\",\"https:\\\/\\\/x.com\\\/mundo_mili\",\"https:\\\/\\\/www.youtube.com\\\/channel\\\/UCgzrmRtNlfiAX25YeBC6O2w\"]}]}<\/script>\n<!-- \/ Yoast SEO plugin. -->","yoast_head_json":{"title":"Predn\u00e1\u0161anie o cestovan\u00ed - MiliMundo","robots":{"index":"index","follow":"follow","max-snippet":"max-snippet:-1","max-image-preview":"max-image-preview:large","max-video-preview":"max-video-preview:-1"},"canonical":"https:\/\/milimundo.com\/partnership-sponsorship-milimundo\/public-speaking\/","og_locale":"sk_SK","og_type":"article","og_title":"Predn\u00e1\u0161anie o cestovan\u00ed - MiliMundo","og_url":"https:\/\/milimundo.com\/partnership-sponsorship-milimundo\/public-speaking\/","og_site_name":"MiliMundo","article_publisher":"https:\/\/www.facebook.com\/MiliMundo1\/","article_modified_time":"2019-12-11T10:02:57+00:00","og_image":[{"width":1200,"height":800,"url":"https:\/\/milimundo.com\/wp-content\/uploads\/2019\/04\/IMG_2526-LR-2.jpg","type":"image\/jpeg"}],"twitter_card":"summary_large_image","twitter_site":"@mundo_mili","twitter_misc":{"Predpokladan\u00fd \u010das \u010d\u00edtania":"5 min\u00fat"},"schema":{"@context":"https:\/\/schema.org","@graph":[{"@type":"WebPage","@id":"https:\/\/milimundo.com\/partnership-sponsorship-milimundo\/public-speaking\/","url":"https:\/\/milimundo.com\/partnership-sponsorship-milimundo\/public-speaking\/","name":"Predn\u00e1\u0161anie o cestovan\u00ed - MiliMundo","isPartOf":{"@id":"https:\/\/milimundo.com\/#website"},"primaryImageOfPage":{"@id":"https:\/\/milimundo.com\/partnership-sponsorship-milimundo\/public-speaking\/#primaryimage"},"image":{"@id":"https:\/\/milimundo.com\/partnership-sponsorship-milimundo\/public-speaking\/#primaryimage"},"thumbnailUrl":"https:\/\/milimundo.com\/wp-content\/uploads\/2019\/04\/IMG_2526-LR-2.jpg","datePublished":"2019-04-18T06:47:29+00:00","dateModified":"2019-12-11T10:02:57+00:00","description":"{:en}PUBLIC SPEAKING Do you need inspirational speakers at your venue? Speakers about travelling? About adventures? Solo female backpacking? Don\u00b4t worry.","breadcrumb":{"@id":"https:\/\/milimundo.com\/partnership-sponsorship-milimundo\/public-speaking\/#breadcrumb"},"inLanguage":"sk-SK","potentialAction":[{"@type":"ReadAction","target":["https:\/\/milimundo.com\/partnership-sponsorship-milimundo\/public-speaking\/"]}]},{"@type":"ImageObject","inLanguage":"sk-SK","@id":"https:\/\/milimundo.com\/partnership-sponsorship-milimundo\/public-speaking\/#primaryimage","url":"https:\/\/milimundo.com\/wp-content\/uploads\/2019\/04\/IMG_2526-LR-2.jpg","contentUrl":"https:\/\/milimundo.com\/wp-content\/uploads\/2019\/04\/IMG_2526-LR-2.jpg","width":1200,"height":800},{"@type":"BreadcrumbList","@id":"https:\/\/milimundo.com\/partnership-sponsorship-milimundo\/public-speaking\/#breadcrumb","itemListElement":[{"@type":"ListItem","position":1,"name":"Domovsk\u00e1 str\u00e1nka","item":"https:\/\/milimundo.com\/"},{"@type":"ListItem","position":2,"name":"Partnership with travel blog MiliMundo","item":"https:\/\/milimundo.com\/partnership-sponsorship-milimundo\/"},{"@type":"ListItem","position":3,"name":"Public Speaking"}]},{"@type":"WebSite","@id":"https:\/\/milimundo.com\/#website","url":"https:\/\/milimundo.com\/","name":"MiliMundo","description":"Ako cestova\u0165 bezpe\u010dne a dobrodru\u017ene z\u00e1rove\u0148","publisher":{"@id":"https:\/\/milimundo.com\/#\/schema\/person\/f8bcf013de39e7d446a379de4ead75ec"},"potentialAction":[{"@type":"SearchAction","target":{"@type":"EntryPoint","urlTemplate":"https:\/\/milimundo.com\/?s={search_term_string}"},"query-input":{"@type":"PropertyValueSpecification","valueRequired":true,"valueName":"search_term_string"}}],"inLanguage":"sk-SK"},{"@type":["Person","Organization"],"@id":"https:\/\/milimundo.com\/#\/schema\/person\/f8bcf013de39e7d446a379de4ead75ec","name":"Mili","image":{"@type":"ImageObject","inLanguage":"sk-SK","@id":"https:\/\/milimundo.com\/wp-content\/uploads\/2019\/08\/IMG-20190724-WA0001.jpg","url":"https:\/\/milimundo.com\/wp-content\/uploads\/2019\/08\/IMG-20190724-WA0001.jpg","contentUrl":"https:\/\/milimundo.com\/wp-content\/uploads\/2019\/08\/IMG-20190724-WA0001.jpg","width":1600,"height":1068,"caption":"Mili"},"logo":{"@id":"https:\/\/milimundo.com\/wp-content\/uploads\/2019\/08\/IMG-20190724-WA0001.jpg"},"sameAs":["http:\/\/milimundo.com\/","https:\/\/www.facebook.com\/MiliMundo1\/","https:\/\/www.instagram.com\/mili_mundo\/","https:\/\/www.linkedin.com\/in\/milada-konecna-7a58b467\/","https:\/\/x.com\/mundo_mili","https:\/\/www.youtube.com\/channel\/UCgzrmRtNlfiAX25YeBC6O2w"]}]}},"jetpack_sharing_enabled":true,"post_mailing_queue_ids":[],"_links":{"self":[{"href":"https:\/\/milimundo.com\/sk\/wp-json\/wp\/v2\/pages\/13470","targetHints":{"allow":["GET"]}}],"collection":[{"href":"https:\/\/milimundo.com\/sk\/wp-json\/wp\/v2\/pages"}],"about":[{"href":"https:\/\/milimundo.com\/sk\/wp-json\/wp\/v2\/types\/page"}],"author":[{"embeddable":true,"href":"https:\/\/milimundo.com\/sk\/wp-json\/wp\/v2\/users\/1"}],"replies":[{"embeddable":true,"href":"https:\/\/milimundo.com\/sk\/wp-json\/wp\/v2\/comments?post=13470"}],"version-history":[{"count":6,"href":"https:\/\/milimundo.com\/sk\/wp-json\/wp\/v2\/pages\/13470\/revisions"}],"predecessor-version":[{"id":14631,"href":"https:\/\/milimundo.com\/sk\/wp-json\/wp\/v2\/pages\/13470\/revisions\/14631"}],"up":[{"embeddable":true,"href":"https:\/\/milimundo.com\/sk\/wp-json\/wp\/v2\/pages\/1728"}],"wp:featuredmedia":[{"embeddable":true,"href":"https:\/\/milimundo.com\/sk\/wp-json\/wp\/v2\/media\/13479"}],"wp:attachment":[{"href":"https:\/\/milimundo.com\/sk\/wp-json\/wp\/v2\/media?parent=13470"}],"curies":[{"name":"wp","href":"https:\/\/api.w.org\/{rel}","templated":true}]}}