{"id":13452,"date":"2019-04-18T06:43:04","date_gmt":"2019-04-18T04:43:04","guid":{"rendered":"https:\/\/milimundo.com\/?page_id=13452"},"modified":"2019-05-07T23:41:36","modified_gmt":"2019-05-07T21:41:36","slug":"travel-consultancy","status":"publish","type":"page","link":"https:\/\/milimundo.com\/sk\/partnership-sponsorship-milimundo\/travel-consultancy\/","title":{"rendered":"Cestovate\u013esk\u00e9 poradenstvo"},"content":{"rendered":"<h1 style=\"text-align: center;\"><strong>CESTOVATE\u013dSK\u00c9 PORADENSTVO<\/strong><\/h1>\n<p style=\"text-align: center;\">Cestujem na pln\u00fd \u00fav\u00e4zok od roku 2012 a precestovala som si okolo 40 kraj\u00edn na 4 r\u00f4znych kontinentoch sveta. <strong><em><u>\u017dila a z\u00e1rove\u0148 pracovala som v krajin\u00e1ch ako USA, <a href=\"https:\/\/milimundo.com\/sk\/category\/north-america-usa\/canada\/\" target=\"_blank\" rel=\"noopener noreferrer\">Kanada<\/a>, Kostarika, <a href=\"https:\/\/milimundo.com\/sk\/category\/south-america-latin-america\/colombia\/\" target=\"_blank\" rel=\"noopener noreferrer\">Kolumbia<\/a>, Ekv\u00e1dor, \u0160panielsko, Anglicko, Franc\u00fazsko, Gr\u00e9cko, <a href=\"https:\/\/milimundo.com\/sk\/category\/europe\/czech-republic\/\" target=\"_blank\" rel=\"noopener noreferrer\">\u010cesko<\/a> a samozrejme v mojom rodnom Slovensku<\/u><\/em><\/strong>. M\u00e1m s cestovan\u00edm bohat\u00e9 sk\u00fasenosti, ako aj s organiz\u00e1ciou v\u00fdletov, pl\u00e1novan\u00edm dovoleniek a \u0161\u00edren\u00edm cestovate\u013eskej osvety.<\/p>\n<h2 style=\"text-align: center;\"><strong>\u0160PECIALIZ\u00c1CIA<\/strong><\/h2>\n<ul style=\"text-align: center;\">\n<li><strong>priprav\u00edm v\u00e1m na mieru spraven\u00fd itiner\u00e1r miest Va\u0161ej dovolenky \u010di dobrodru\u017enej cesty obzvl\u00e1\u0161\u0165 v krajin\u00e1ch Latinskej Ameriky<\/strong> (precestovala som si 14 z nich) a pohybovala som sa po t\u00fdchto krajin\u00e1ch v\u00fdhradne miestnou dopravou<\/li>\n<li><strong>tipy a triky oh\u013eadom bezpe\u010dnosti<\/strong> pri s\u00f3lo alebo skupinovom cestovan\u00ed<\/li>\n<li>kde a ako si <strong>zmeni\u0165 miestne peniaze<\/strong>, ako to funguje s kreditkami a miestnymi bankomatmi<\/li>\n<li><strong>ako bezpe\u010dne a bez probl\u00e9mov prejs\u0165 hranice jednej krajiny do druhej<\/strong><\/li>\n<li>\u010do a ako sa <strong>zbali\u0165 na dlh\u0161ie cesty<\/strong><\/li>\n<li>detailn\u00e9 <strong>vysvetlenie couchsurfingu<\/strong> (ubytovanie zadarmo cez dom\u00e1cich)<\/li>\n<li>tipy na cestovn\u00e9 poistenie<\/li>\n<li><strong>Working Holiday v\u00edza a \u017eivot v Kanade<\/strong><\/li>\n<li><strong>Pr\u00e1ca a \u017eivot na rie\u010dnych lodiach<\/strong><\/li>\n<\/ul>\n<h2 style=\"text-align: center;\"><strong>CENA<\/strong><\/h2>\n<p style=\"text-align: center;\"><span style=\"color: #ff0000;\"><strong>60 min\u00fatov\u00e1 konzult\u00e1cia = 25 eur<\/strong><\/span><\/p><div id=\"milim-3629159513\" class=\"milim-content milim-entity-placement\"><script async src=\"https:\/\/pagead2.googlesyndication.com\/pagead\/js\/adsbygoogle.js?client=ca-pub-1751154357200980\"\r\n     crossorigin=\"anonymous\"><\/script><\/div>\n<p style=\"text-align: center;\"><span style=\"color: #ff0000;\"><strong>90 min konzult\u00e1cia = 35 eur <\/strong><\/span><\/p>\n<blockquote>\n<p style=\"text-align: center;\"><strong>V pr\u00edpade potreby a z\u00e1ujmu ma kontaktujte cez m\u00f4j email milimundo88@gmail.com<\/strong><\/p>\n<\/blockquote>\n<p style=\"text-align: center;\"><img loading=\"lazy\" decoding=\"async\" class=\"aligncenter size-large wp-image-3132\" src=\"https:\/\/milimundo.com\/wp-content\/uploads\/2018\/06\/IMG_20180428_120600_HDR-1024x711.jpg\" alt=\"\" width=\"1024\" height=\"711\" srcset=\"https:\/\/milimundo.com\/wp-content\/uploads\/2018\/06\/IMG_20180428_120600_HDR-1024x711.jpg 1024w, https:\/\/milimundo.com\/wp-content\/uploads\/2018\/06\/IMG_20180428_120600_HDR-600x417.jpg 600w, https:\/\/milimundo.com\/wp-content\/uploads\/2018\/06\/IMG_20180428_120600_HDR-300x208.jpg 300w, https:\/\/milimundo.com\/wp-content\/uploads\/2018\/06\/IMG_20180428_120600_HDR-768x533.jpg 768w, https:\/\/milimundo.com\/wp-content\/uploads\/2018\/06\/IMG_20180428_120600_HDR.jpg 1200w\" sizes=\"auto, (max-width: 1024px) 100vw, 1024px\" \/><\/p>\n<h1 style=\"text-align: center;\"><strong>\u00a0REFERENCIE &#038; ODOZVY<\/strong><\/h1>\n<p>&nbsp;<\/p>\n<blockquote>\n<p style=\"text-align: center;\">&#8220;Ahoj Mili <img decoding=\"async\" class=\"_1ift _2560 img\" src=\"https:\/\/static.xx.fbcdn.net\/images\/emoji.php\/v9\/t7f\/1\/16\/1f60a.png\" alt=\"?\" \/> Sledujem \u0165a u\u017e dlh\u0161ie a chcem ti poveda\u0165 \u017ee \u0165a obdivujem, si v\u00e1\u017ene frajerka<img decoding=\"async\" class=\"_1ift _2560 img\" src=\"https:\/\/static.xx.fbcdn.net\/images\/emoji.php\/v9\/t7f\/1\/16\/1f60a.png\" alt=\"?\" \/>\u010c\u00edtam tvoje \u010dl\u00e1nky ka\u017ed\u00fd de\u0148 a si m\u00f4j vzor. To\u013eko toho precestova\u0165 f\u00fa\u00fa ve\u013ek\u00fd obdiv <img decoding=\"async\" class=\"_1ift _2560 img\" src=\"https:\/\/static.xx.fbcdn.net\/images\/emoji.php\/v9\/t4f\/1\/16\/1f601.png\" alt=\"?\" \/> Tie\u017e poch\u00e1dzam zo Str\u00e1\u017eskeho a od kedy mi o tebe povedala mamka tak sa neviem naba\u017ei\u0165 tvojich pr\u00edspevkov. Dr\u017e\u00edm ti prsty nech sa ti v \u017eivote dar\u00ed, si m\u00f4j ve\u013ek\u00fd vzor Mili. Prajem pekn\u00fd zvy\u0161ok d\u0148a. <img decoding=\"async\" class=\"_1ift _2560 img\" src=\"https:\/\/static.xx.fbcdn.net\/images\/emoji.php\/v9\/t94\/1\/16\/1f49a.png\" alt=\"?\" \/>&#8221;<br \/>\nM\u00e1ria \u010curmov\u00e1 &#8211; vern\u00e1 fan\u00fa\u0161i\u010dka MiliMunda<\/p>\n<\/blockquote>\n<blockquote>\n<p style=\"text-align: center;\">Ve\u013ek\u00e1 v\u010faka Mili za neocenite\u013en\u00e9 rady a tipy pri pl\u00e1novan\u00ed dovolenky alebo tripu. M\u00e1 obrovsk\u00fd preh\u013ead, sk\u00fasenosti na rozd\u00e1vanie a ani raz sa mi nestalo \u017eeby neodp\u00edsala alebo nepomohla. Precestovala si kus sveta a vie vynikaj\u00faco poskytn\u00fa\u0165 inform\u00e1cie oh\u013eadom ubytovania, prepravy, n\u00e1dhern\u00fdch miest v r\u00e1mci kraj\u00edn a kult\u00fary. D\u00fafam, \u017ee bude v tomto pokra\u010dova\u0165, preto\u017ee inform\u00e1cie ktor\u00e9 poskytuje len \u0165a\u017eko n\u00e1jdem niekde na nete alebo v bedekroch.<br \/>\nMartin Marsalek<\/p>\n<\/blockquote>\n<p>&nbsp;<\/p>\n","protected":false},"excerpt":{"rendered":"<p>CESTOVATE\u013dSK\u00c9 PORADENSTVO Cestujem na pln\u00fd \u00fav\u00e4zok od roku 2012 a precestovala som si okolo 40 kraj\u00edn na 4 r\u00f4znych kontinentoch sveta. \u017dila a z\u00e1rove\u0148 pracovala som v krajin\u00e1ch ako USA, Kanada, Kostarika, Kolumbia, Ekv\u00e1dor, \u0160panielsko, Anglicko, Franc\u00fazsko, Gr\u00e9cko, \u010cesko a &hellip; <a class=\"kt-excerpt-readmore more-link\" href=\"https:\/\/milimundo.com\/sk\/partnership-sponsorship-milimundo\/travel-consultancy\/\">Read More<\/a><\/p>\n","protected":false},"author":1,"featured_media":0,"parent":1728,"menu_order":0,"comment_status":"closed","ping_status":"closed","template":"","meta":{"footnotes":""},"class_list":["post-13452","page","type-page","status-publish","hentry"],"translation":{"provider":"WPGlobus","version":"3.0.2","language":"sk","enabled_languages":["en","sk"],"languages":{"en":{"title":true,"content":true,"excerpt":false},"sk":{"title":true,"content":true,"excerpt":false}}},"yoast_head":"<!-- This site is optimized with the Yoast SEO plugin v27.3 - https:\/\/yoast.com\/product\/yoast-seo-wordpress\/ -->\n<title>Cestovate\u013esk\u00e9 poradenstvo - MiliMundo<\/title>\n<meta name=\"robots\" content=\"index, follow, max-snippet:-1, max-image-preview:large, max-video-preview:-1\" \/>\n<link rel=\"canonical\" href=\"https:\/\/milimundo.com\/sk\/partnership-sponsorship-milimundo\/travel-consultancy\/\" \/>\n<meta property=\"og:locale\" content=\"sk_SK\" \/>\n<meta property=\"og:type\" content=\"article\" \/>\n<meta property=\"og:title\" content=\"Cestovate\u013esk\u00e9 poradenstvo - MiliMundo\" \/>\n<meta property=\"og:url\" content=\"https:\/\/milimundo.com\/sk\/partnership-sponsorship-milimundo\/travel-consultancy\/\" \/>\n<meta property=\"og:site_name\" content=\"MiliMundo\" \/>\n<meta property=\"article:publisher\" content=\"https:\/\/www.facebook.com\/MiliMundo1\/\" \/>\n<meta property=\"article:modified_time\" content=\"2019-05-07T21:41:36+00:00\" \/>\n<meta property=\"og:image\" content=\"https:\/\/milimundo.com\/wp-content\/uploads\/2018\/05\/IMG_20180428_120600_HDR-1024x706.jpg\" \/>\n<meta name=\"twitter:card\" content=\"summary_large_image\" \/>\n<meta name=\"twitter:site\" content=\"@mundo_mili\" \/>\n<meta name=\"twitter:label1\" content=\"Predpokladan\u00fd \u010das \u010d\u00edtania\" \/>\n\t<meta name=\"twitter:data1\" content=\"4 min\u00faty\" \/>\n<script type=\"application\/ld+json\" class=\"yoast-schema-graph\">{\"@context\":\"https:\\\/\\\/schema.org\",\"@graph\":[{\"@type\":\"WebPage\",\"@id\":\"https:\\\/\\\/milimundo.com\\\/sk\\\/partnership-sponsorship-milimundo\\\/travel-consultancy\\\/\",\"url\":\"https:\\\/\\\/milimundo.com\\\/sk\\\/partnership-sponsorship-milimundo\\\/travel-consultancy\\\/\",\"name\":\"Cestovate\u013esk\u00e9 poradenstvo - MiliMundo\",\"isPartOf\":{\"@id\":\"https:\\\/\\\/milimundo.com\\\/#website\"},\"primaryImageOfPage\":{\"@id\":\"https:\\\/\\\/milimundo.com\\\/sk\\\/partnership-sponsorship-milimundo\\\/travel-consultancy\\\/#primaryimage\"},\"image\":{\"@id\":\"https:\\\/\\\/milimundo.com\\\/sk\\\/partnership-sponsorship-milimundo\\\/travel-consultancy\\\/#primaryimage\"},\"thumbnailUrl\":\"https:\\\/\\\/milimundo.com\\\/wp-content\\\/uploads\\\/2018\\\/05\\\/IMG_20180428_120600_HDR-1024x706.jpg\",\"datePublished\":\"2019-04-18T04:43:04+00:00\",\"dateModified\":\"2019-05-07T21:41:36+00:00\",\"description\":\"{:en}TRAVEL CONSULTANCY I have been travelling since 2012, visited around 40 countries on 4 different continents. I lived and worked in countries such as\",\"breadcrumb\":{\"@id\":\"https:\\\/\\\/milimundo.com\\\/sk\\\/partnership-sponsorship-milimundo\\\/travel-consultancy\\\/#breadcrumb\"},\"inLanguage\":\"sk-SK\",\"potentialAction\":[{\"@type\":\"ReadAction\",\"target\":[\"https:\\\/\\\/milimundo.com\\\/sk\\\/partnership-sponsorship-milimundo\\\/travel-consultancy\\\/\"]}]},{\"@type\":\"ImageObject\",\"inLanguage\":\"sk-SK\",\"@id\":\"https:\\\/\\\/milimundo.com\\\/sk\\\/partnership-sponsorship-milimundo\\\/travel-consultancy\\\/#primaryimage\",\"url\":\"https:\\\/\\\/milimundo.com\\\/wp-content\\\/uploads\\\/2018\\\/05\\\/IMG_20180428_120600_HDR-1024x706.jpg\",\"contentUrl\":\"https:\\\/\\\/milimundo.com\\\/wp-content\\\/uploads\\\/2018\\\/05\\\/IMG_20180428_120600_HDR-1024x706.jpg\"},{\"@type\":\"BreadcrumbList\",\"@id\":\"https:\\\/\\\/milimundo.com\\\/sk\\\/partnership-sponsorship-milimundo\\\/travel-consultancy\\\/#breadcrumb\",\"itemListElement\":[{\"@type\":\"ListItem\",\"position\":1,\"name\":\"Domovsk\u00e1 str\u00e1nka\",\"item\":\"https:\\\/\\\/milimundo.com\\\/\"},{\"@type\":\"ListItem\",\"position\":2,\"name\":\"Partnership with travel blog MiliMundo\",\"item\":\"https:\\\/\\\/milimundo.com\\\/partnership-sponsorship-milimundo\\\/\"},{\"@type\":\"ListItem\",\"position\":3,\"name\":\"Cestovate\u013esk\u00e9 poradenstvo\"}]},{\"@type\":\"WebSite\",\"@id\":\"https:\\\/\\\/milimundo.com\\\/#website\",\"url\":\"https:\\\/\\\/milimundo.com\\\/\",\"name\":\"MiliMundo\",\"description\":\"Ako cestova\u0165 bezpe\u010dne a dobrodru\u017ene z\u00e1rove\u0148\",\"publisher\":{\"@id\":\"https:\\\/\\\/milimundo.com\\\/#\\\/schema\\\/person\\\/f8bcf013de39e7d446a379de4ead75ec\"},\"potentialAction\":[{\"@type\":\"SearchAction\",\"target\":{\"@type\":\"EntryPoint\",\"urlTemplate\":\"https:\\\/\\\/milimundo.com\\\/?s={search_term_string}\"},\"query-input\":{\"@type\":\"PropertyValueSpecification\",\"valueRequired\":true,\"valueName\":\"search_term_string\"}}],\"inLanguage\":\"sk-SK\"},{\"@type\":[\"Person\",\"Organization\"],\"@id\":\"https:\\\/\\\/milimundo.com\\\/#\\\/schema\\\/person\\\/f8bcf013de39e7d446a379de4ead75ec\",\"name\":\"Mili\",\"image\":{\"@type\":\"ImageObject\",\"inLanguage\":\"sk-SK\",\"@id\":\"https:\\\/\\\/milimundo.com\\\/wp-content\\\/uploads\\\/2019\\\/08\\\/IMG-20190724-WA0001.jpg\",\"url\":\"https:\\\/\\\/milimundo.com\\\/wp-content\\\/uploads\\\/2019\\\/08\\\/IMG-20190724-WA0001.jpg\",\"contentUrl\":\"https:\\\/\\\/milimundo.com\\\/wp-content\\\/uploads\\\/2019\\\/08\\\/IMG-20190724-WA0001.jpg\",\"width\":1600,\"height\":1068,\"caption\":\"Mili\"},\"logo\":{\"@id\":\"https:\\\/\\\/milimundo.com\\\/wp-content\\\/uploads\\\/2019\\\/08\\\/IMG-20190724-WA0001.jpg\"},\"sameAs\":[\"http:\\\/\\\/milimundo.com\\\/\",\"https:\\\/\\\/www.facebook.com\\\/MiliMundo1\\\/\",\"https:\\\/\\\/www.instagram.com\\\/mili_mundo\\\/\",\"https:\\\/\\\/www.linkedin.com\\\/in\\\/milada-konecna-7a58b467\\\/\",\"https:\\\/\\\/x.com\\\/mundo_mili\",\"https:\\\/\\\/www.youtube.com\\\/channel\\\/UCgzrmRtNlfiAX25YeBC6O2w\"]}]}<\/script>\n<!-- \/ Yoast SEO plugin. -->","yoast_head_json":{"title":"Cestovate\u013esk\u00e9 poradenstvo - MiliMundo","robots":{"index":"index","follow":"follow","max-snippet":"max-snippet:-1","max-image-preview":"max-image-preview:large","max-video-preview":"max-video-preview:-1"},"canonical":"https:\/\/milimundo.com\/sk\/partnership-sponsorship-milimundo\/travel-consultancy\/","og_locale":"sk_SK","og_type":"article","og_title":"Cestovate\u013esk\u00e9 poradenstvo - MiliMundo","og_url":"https:\/\/milimundo.com\/sk\/partnership-sponsorship-milimundo\/travel-consultancy\/","og_site_name":"MiliMundo","article_publisher":"https:\/\/www.facebook.com\/MiliMundo1\/","article_modified_time":"2019-05-07T21:41:36+00:00","og_image":[{"url":"https:\/\/milimundo.com\/wp-content\/uploads\/2018\/05\/IMG_20180428_120600_HDR-1024x706.jpg","type":"","width":"","height":""}],"twitter_card":"summary_large_image","twitter_site":"@mundo_mili","twitter_misc":{"Predpokladan\u00fd \u010das \u010d\u00edtania":"4 min\u00faty"},"schema":{"@context":"https:\/\/schema.org","@graph":[{"@type":"WebPage","@id":"https:\/\/milimundo.com\/sk\/partnership-sponsorship-milimundo\/travel-consultancy\/","url":"https:\/\/milimundo.com\/sk\/partnership-sponsorship-milimundo\/travel-consultancy\/","name":"Cestovate\u013esk\u00e9 poradenstvo - MiliMundo","isPartOf":{"@id":"https:\/\/milimundo.com\/#website"},"primaryImageOfPage":{"@id":"https:\/\/milimundo.com\/sk\/partnership-sponsorship-milimundo\/travel-consultancy\/#primaryimage"},"image":{"@id":"https:\/\/milimundo.com\/sk\/partnership-sponsorship-milimundo\/travel-consultancy\/#primaryimage"},"thumbnailUrl":"https:\/\/milimundo.com\/wp-content\/uploads\/2018\/05\/IMG_20180428_120600_HDR-1024x706.jpg","datePublished":"2019-04-18T04:43:04+00:00","dateModified":"2019-05-07T21:41:36+00:00","description":"{:en}TRAVEL CONSULTANCY I have been travelling since 2012, visited around 40 countries on 4 different continents. I lived and worked in countries such as","breadcrumb":{"@id":"https:\/\/milimundo.com\/sk\/partnership-sponsorship-milimundo\/travel-consultancy\/#breadcrumb"},"inLanguage":"sk-SK","potentialAction":[{"@type":"ReadAction","target":["https:\/\/milimundo.com\/sk\/partnership-sponsorship-milimundo\/travel-consultancy\/"]}]},{"@type":"ImageObject","inLanguage":"sk-SK","@id":"https:\/\/milimundo.com\/sk\/partnership-sponsorship-milimundo\/travel-consultancy\/#primaryimage","url":"https:\/\/milimundo.com\/wp-content\/uploads\/2018\/05\/IMG_20180428_120600_HDR-1024x706.jpg","contentUrl":"https:\/\/milimundo.com\/wp-content\/uploads\/2018\/05\/IMG_20180428_120600_HDR-1024x706.jpg"},{"@type":"BreadcrumbList","@id":"https:\/\/milimundo.com\/sk\/partnership-sponsorship-milimundo\/travel-consultancy\/#breadcrumb","itemListElement":[{"@type":"ListItem","position":1,"name":"Domovsk\u00e1 str\u00e1nka","item":"https:\/\/milimundo.com\/"},{"@type":"ListItem","position":2,"name":"Partnership with travel blog MiliMundo","item":"https:\/\/milimundo.com\/partnership-sponsorship-milimundo\/"},{"@type":"ListItem","position":3,"name":"Cestovate\u013esk\u00e9 poradenstvo"}]},{"@type":"WebSite","@id":"https:\/\/milimundo.com\/#website","url":"https:\/\/milimundo.com\/","name":"MiliMundo","description":"Ako cestova\u0165 bezpe\u010dne a dobrodru\u017ene z\u00e1rove\u0148","publisher":{"@id":"https:\/\/milimundo.com\/#\/schema\/person\/f8bcf013de39e7d446a379de4ead75ec"},"potentialAction":[{"@type":"SearchAction","target":{"@type":"EntryPoint","urlTemplate":"https:\/\/milimundo.com\/?s={search_term_string}"},"query-input":{"@type":"PropertyValueSpecification","valueRequired":true,"valueName":"search_term_string"}}],"inLanguage":"sk-SK"},{"@type":["Person","Organization"],"@id":"https:\/\/milimundo.com\/#\/schema\/person\/f8bcf013de39e7d446a379de4ead75ec","name":"Mili","image":{"@type":"ImageObject","inLanguage":"sk-SK","@id":"https:\/\/milimundo.com\/wp-content\/uploads\/2019\/08\/IMG-20190724-WA0001.jpg","url":"https:\/\/milimundo.com\/wp-content\/uploads\/2019\/08\/IMG-20190724-WA0001.jpg","contentUrl":"https:\/\/milimundo.com\/wp-content\/uploads\/2019\/08\/IMG-20190724-WA0001.jpg","width":1600,"height":1068,"caption":"Mili"},"logo":{"@id":"https:\/\/milimundo.com\/wp-content\/uploads\/2019\/08\/IMG-20190724-WA0001.jpg"},"sameAs":["http:\/\/milimundo.com\/","https:\/\/www.facebook.com\/MiliMundo1\/","https:\/\/www.instagram.com\/mili_mundo\/","https:\/\/www.linkedin.com\/in\/milada-konecna-7a58b467\/","https:\/\/x.com\/mundo_mili","https:\/\/www.youtube.com\/channel\/UCgzrmRtNlfiAX25YeBC6O2w"]}]}},"jetpack_sharing_enabled":true,"post_mailing_queue_ids":[],"_links":{"self":[{"href":"https:\/\/milimundo.com\/sk\/wp-json\/wp\/v2\/pages\/13452","targetHints":{"allow":["GET"]}}],"collection":[{"href":"https:\/\/milimundo.com\/sk\/wp-json\/wp\/v2\/pages"}],"about":[{"href":"https:\/\/milimundo.com\/sk\/wp-json\/wp\/v2\/types\/page"}],"author":[{"embeddable":true,"href":"https:\/\/milimundo.com\/sk\/wp-json\/wp\/v2\/users\/1"}],"replies":[{"embeddable":true,"href":"https:\/\/milimundo.com\/sk\/wp-json\/wp\/v2\/comments?post=13452"}],"version-history":[{"count":7,"href":"https:\/\/milimundo.com\/sk\/wp-json\/wp\/v2\/pages\/13452\/revisions"}],"predecessor-version":[{"id":13538,"href":"https:\/\/milimundo.com\/sk\/wp-json\/wp\/v2\/pages\/13452\/revisions\/13538"}],"up":[{"embeddable":true,"href":"https:\/\/milimundo.com\/sk\/wp-json\/wp\/v2\/pages\/1728"}],"wp:attachment":[{"href":"https:\/\/milimundo.com\/sk\/wp-json\/wp\/v2\/media?parent=13452"}],"curies":[{"name":"wp","href":"https:\/\/api.w.org\/{rel}","templated":true}]}}